{"id":3,"date":"2025-02-13T08:58:03","date_gmt":"2025-02-13T11:58:03","guid":{"rendered":"https:\/\/test.evakub.com\/?page_id=3"},"modified":"2025-04-30T18:32:30","modified_gmt":"2025-04-30T21:32:30","slug":"privacy-statement","status":"publish","type":"page","link":"https:\/\/requalify.ai\/fr\/privacy-statement\/","title":{"rendered":"politique de confidentialit\u00e9"},"content":{"rendered":"<div data-elementor-type=\"wp-page\" data-elementor-id=\"3\" class=\"elementor elementor-3\" data-elementor-post-type=\"page\">\n\t\t\t\t<div class=\"elementor-element elementor-element-b7c5c35 e-flex e-con-boxed e-con e-parent\" data-id=\"b7c5c35\" data-element_type=\"container\" data-settings=\"{&quot;background_background&quot;:&quot;classic&quot;}\">\n\t\t\t\t\t<div class=\"e-con-inner\">\n\t\t\t\t<div class=\"elementor-element elementor-element-30e02a3d elementor-widget elementor-widget-heading\" data-id=\"30e02a3d\" data-element_type=\"widget\" data-widget_type=\"heading.default\">\n\t\t\t\t<div class=\"elementor-widget-container\">\n\t\t\t\t\t<h1 class=\"elementor-heading-title elementor-size-default\">politique de confidentialit\u00e9<\/h1>\t\t\t\t<\/div>\n\t\t\t\t<\/div>\n\t\t\t\t<div class=\"elementor-element elementor-element-47c588d7 elementor-align-center elementor-hidden-desktop elementor-hidden-tablet elementor-hidden-mobile elementor-widget elementor-widget-button\" data-id=\"47c588d7\" data-element_type=\"widget\" data-widget_type=\"button.default\">\n\t\t\t\t<div class=\"elementor-widget-container\">\n\t\t\t\t\t\t\t\t\t<div class=\"elementor-button-wrapper\">\n\t\t\t\t\t<a class=\"elementor-button elementor-size-sm\" role=\"button\">\n\t\t\t\t\t\t<span class=\"elementor-button-content-wrapper\">\n\t\t\t\t\t\t\t\t\t<span class=\"elementor-button-text\">Contactez-nous<\/span>\n\t\t\t\t\t<\/span>\n\t\t\t\t\t<\/a>\n\t\t\t\t<\/div>\n\t\t\t\t\t\t\t\t<\/div>\n\t\t\t\t<\/div>\n\t\t\t\t\t<\/div>\n\t\t\t\t<\/div>\n\t\t<div class=\"elementor-element elementor-element-186c9bf e-flex e-con-boxed e-con e-parent\" data-id=\"186c9bf\" data-element_type=\"container\">\n\t\t\t\t\t<div class=\"e-con-inner\">\n\t\t\t\t<div class=\"elementor-element elementor-element-4f6bbea8 elementor-widget elementor-widget-text-editor\" data-id=\"4f6bbea8\" data-element_type=\"widget\" data-widget_type=\"text-editor.default\">\n\t\t\t\t<div class=\"elementor-widget-container\">\n\t\t\t\t\t\t\t\t\t<h3 class=\"wp-block-paragraph\"><strong>1. Introduction et engagement en mati\u00e8re de confidentialit\u00e9<\/strong><\/h3><p class=\"wp-block-paragraph\">1.1. La confidentialit\u00e9 des utilisateurs est importante pour nous. Cette politique de confidentialit\u00e9 (\u00ab<strong>Politique<\/strong>\u201d) d\u00e9crit comment nous collectons, utilisons, stockons et prot\u00e9geons les donn\u00e9es personnelles li\u00e9es \u00e0 l&#039;utilisation de requalify.ai, conform\u00e9ment \u00e0 la LGPD (loi n\u00b0 13 709\/2018) et aux autres l\u00e9gislations applicables.<\/p><p class=\"wp-block-paragraph\">1.2. <strong>Collecte de donn\u00e9es<\/strong>. Nous ne demandons des informations personnelles que lorsque nous en avons r\u00e9ellement besoin pour fournir et am\u00e9liorer nos services, et toujours sur la base d&#039;une base juridique appropri\u00e9e (par exemple, le consentement, l&#039;ex\u00e9cution d&#039;un contrat ou un int\u00e9r\u00eat l\u00e9gitime).<\/p><p class=\"wp-block-paragraph\">1.3. <strong>Base juridique<\/strong>. Les op\u00e9rations de traitement des donn\u00e9es personnelles chez requalify.ai peuvent \u00eatre bas\u00e9es sur :<\/p><p class=\"wp-block-paragraph\">\u2022 <strong>Consentement<\/strong> du titulaire, le cas \u00e9ch\u00e9ant;<\/p><p class=\"wp-block-paragraph\">\u2022 <strong>Ex\u00e9cution du contrat<\/strong> ou les proc\u00e9dures pr\u00e9liminaires d\u2019un contrat auquel le titulaire est partie ;<\/p><p class=\"wp-block-paragraph\">\u2022 <strong>Conformit\u00e9 \u00e0 une obligation l\u00e9gale ou r\u00e9glementaire<\/strong>;<\/p><p class=\"wp-block-paragraph\">\u2022 <strong>Int\u00e9r\u00eat l\u00e9gitime<\/strong>, \u00e0 condition que les droits et libert\u00e9s fondamentaux du titulaire ne pr\u00e9valent pas ;<\/p><p class=\"wp-block-paragraph\">\u2022 D\u2019autres hypoth\u00e8ses pr\u00e9vues par la LGPD, telles que la protection de la sant\u00e9 ou la pr\u00e9vention de la fraude.<\/p><p class=\"wp-block-paragraph\"><strong>1.4. Conformit\u00e9 aux normes de sant\u00e9 et de recherche<\/strong>. requalify.ai peut \u00eatre utilis\u00e9 dans des contextes impliquant des donn\u00e9es de sant\u00e9 ou des recherches avec des sujets humains. Dans ces cas :<\/p><p class=\"wp-block-paragraph\">\u2022 L&#039;Utilisateur est responsable de s&#039;assurer que le traitement pr\u00e9alable des donn\u00e9es est conforme \u00e0 la l\u00e9gislation sp\u00e9cifique, y compris les r\u00e9solutions de l&#039; <strong>Conseil national de la sant\u00e9 (<\/strong>CNS), comme la R\u00e9solution n\u00b0 466\/2012 ;<\/p><p class=\"wp-block-paragraph\">\u2022 Malgr\u00e9 toutes les pr\u00e9cautions de s\u00e9curit\u00e9 et de confidentialit\u00e9 que nous prenons, requalify.ai ne remplace pas le besoin de comit\u00e9s d&#039;\u00e9thique et d&#039;autres autorisations requises dans les protocoles de recherche.<\/p><h3 class=\"wp-block-paragraph\"><strong>2. Donn\u00e9es collect\u00e9es et finalit\u00e9s<\/strong><\/h3><p class=\"wp-block-paragraph\">2.1. <strong>Donn\u00e9es d&#039;enregistrement<\/strong>: Nom, email, coordonn\u00e9es et autres donn\u00e9es n\u00e9cessaires \u00e0 la cr\u00e9ation et \u00e0 la gestion du compte Utilisateur.<\/p><p class=\"wp-block-paragraph\">\u2022 Finalit\u00e9 : authentification, identification et gestion des acc\u00e8s aux services.<\/p><p class=\"wp-block-paragraph\">2.2. <strong>D\u00e9tails de paiement<\/strong> (le cas \u00e9ch\u00e9ant) : trait\u00e9s par des interm\u00e9diaires de paiement, tels que Stripe.<\/p><p class=\"wp-block-paragraph\">\u2022 Finalit\u00e9 : traiter les transactions financi\u00e8res, \u00e9mettre des factures et se conformer aux obligations l\u00e9gales ou r\u00e9glementaires.<\/p><p class=\"wp-block-paragraph\">2.3. <strong>Contenu soumis<\/strong>: Les fichiers et documents que l&#039;Utilisateur choisit de t\u00e9l\u00e9charger sur la Plateforme (y compris d&#039;\u00e9ventuelles donn\u00e9es de sant\u00e9 ou de recherche).<\/p><p class=\"wp-block-paragraph\">\u2022 Finalit\u00e9 : permettre l\u2019analyse, la recherche et d\u2019autres fonctionnalit\u00e9s offertes par la Plateforme.<\/p><p class=\"wp-block-paragraph\">2.4. <strong>Donn\u00e9es de navigation<\/strong>: Adresse IP, journaux d&#039;acc\u00e8s, cookies, type d&#039;appareil, navigateur, date et heure d&#039;acc\u00e8s.<\/p><p class=\"wp-block-paragraph\">\u2022 Finalit\u00e9 : maintenir la s\u00e9curit\u00e9 de la Plateforme, am\u00e9liorer l\u2019exp\u00e9rience Utilisateur et g\u00e9n\u00e9rer des statistiques d\u2019utilisation.<\/p><p class=\"wp-block-paragraph\">2.5. <strong>Cookies et technologies similaires<\/strong>: Utilis\u00e9 pour m\u00e9moriser les pr\u00e9f\u00e9rences de l&#039;utilisateur, diffuser des publicit\u00e9s (le cas \u00e9ch\u00e9ant) et activer les fonctionnalit\u00e9s essentielles.<\/p><p class=\"wp-block-paragraph\">\u2022 L&#039;Utilisateur peut g\u00e9rer ses pr\u00e9f\u00e9rences en mati\u00e8re de cookies dans son navigateur, sachant que certaines fonctionnalit\u00e9s peuvent \u00eatre affect\u00e9es.<\/p><h3 class=\"wp-block-paragraph\"><strong>3. Utilisation responsable de l&#039;IA et des donn\u00e9es de sant\u00e9<\/strong><\/h3><p class=\"wp-block-paragraph\">3.1. Le requalifier.ai <strong>Non<\/strong> utilise les donn\u00e9es personnelles ou les donn\u00e9es de sant\u00e9 des Utilisateurs \u00e0 des fins de formation de mod\u00e8les d&#039;intelligence artificielle de mani\u00e8re illimit\u00e9e. Les donn\u00e9es sont trait\u00e9es \u00e0 la demande de l&#039;utilisateur pour fournir des r\u00e9sultats sp\u00e9cifiques (par exemple, des transcriptions, des recherches, des informations).<\/p><p class=\"wp-block-paragraph\">3.2. <strong>D\u00e9cisions automatis\u00e9es<\/strong>. Si des d\u00e9cisions automatis\u00e9es sont prises qui affectent l&#039;Utilisateur, l&#039;Utilisateur en sera inform\u00e9 et pourra demander des \u00e9claircissements ou une intervention humaine, conform\u00e9ment \u00e0 la LGPD.<\/p><p class=\"wp-block-paragraph\">3.3. <strong>Donn\u00e9es de sant\u00e9 sensibles<\/strong>. Si l&#039;Utilisateur t\u00e9l\u00e9charge des donn\u00e9es de sant\u00e9 sensibles, il assume la responsabilit\u00e9 de s&#039;assurer qu&#039;il a obtenu un consentement expr\u00e8s (lorsque requis) et qu&#039;il se conforme aux normes LGPD et aux r\u00e9solutions de sant\u00e9, y compris les exigences de confidentialit\u00e9, de recherche et d&#039;\u00e9thique dans la recherche sur les \u00eatres humains.<\/p><h3 class=\"wp-block-paragraph\"><strong>4. Partage de donn\u00e9es<\/strong><\/h3><p class=\"wp-block-paragraph\">4.1. Les donn\u00e9es des utilisateurs ne peuvent \u00eatre partag\u00e9es avec des tiers que dans les cas suivants :<\/p><p class=\"wp-block-paragraph\">a) N\u00e9cessaires au fonctionnement de la Plateforme, par exemple, les services d&#039;h\u00e9bergement cloud, les outils d&#039;analyse de donn\u00e9es et les prestataires de paiement ;<\/p><p class=\"wp-block-paragraph\">b) Le respect des obligations l\u00e9gales ou r\u00e9glementaires ;<\/p><p class=\"wp-block-paragraph\">c) Coop\u00e9ration avec les autorit\u00e9s gouvernementales, sur demande formelle ;<\/p><p class=\"wp-block-paragraph\">d) Protection des int\u00e9r\u00eats de requalify.ai en cas de litiges ;<\/p><p class=\"wp-block-paragraph\">e) Pr\u00e9vention de la fraude ou protection des droits des tiers.<\/p><p class=\"wp-block-paragraph\">4.2. Si des donn\u00e9es sont transf\u00e9r\u00e9es \u00e0 des partenaires situ\u00e9s en dehors du Br\u00e9sil, nous adopterons les mesures requises par la LGPD, y compris la v\u00e9rification d&#039;un niveau de protection ad\u00e9quat ou des clauses contractuelles sp\u00e9cifiques.<\/p><p class=\"wp-block-paragraph\">4.3. <strong>Ne pas entra\u00eener l&#039;IA avec les donn\u00e9es des utilisateurs<\/strong>. requalify.ai n&#039;utilise pas le contenu t\u00e9l\u00e9charg\u00e9 par les Utilisateurs pour la formation, l&#039;am\u00e9lioration ou l&#039;augmentation de ses propres bases de donn\u00e9es d&#039;IA \u00e0 grande \u00e9chelle, \u00e0 l&#039;exception d&#039;analyses de performances occasionnelles, toujours anonymis\u00e9es ou pseudonymis\u00e9es, lorsque cela est essentiel au maintien du service.<\/p><h3 class=\"wp-block-paragraph\"><strong>5. Conservation et suppression des donn\u00e9es<\/strong><\/h3><p class=\"wp-block-paragraph\">5.1. Les donn\u00e9es personnelles seront conserv\u00e9es pendant la dur\u00e9e n\u00e9cessaire \u00e0 la r\u00e9alisation des finalit\u00e9s pour lesquelles elles ont \u00e9t\u00e9 collect\u00e9es ou pour r\u00e9pondre aux exigences l\u00e9gales et r\u00e9glementaires.<\/p><p class=\"wp-block-paragraph\">5.2. Apr\u00e8s la fin du traitement ou sur demande de suppression de l&#039;Utilisateur, requalify.ai peut conserver les donn\u00e9es stock\u00e9es pendant la p\u00e9riode n\u00e9cessaire pour se conformer aux obligations l\u00e9gales ou pr\u00e9server des int\u00e9r\u00eats l\u00e9gitimes, toujours conform\u00e9ment \u00e0 la LGPD.<\/p><p class=\"wp-block-paragraph\">5.3. Lorsque la p\u00e9riode de conservation expire ou que la base juridique cesse, les donn\u00e9es seront supprim\u00e9es de mani\u00e8re s\u00e9curis\u00e9e ou anonymis\u00e9es de mani\u00e8re irr\u00e9versible.<\/p><h3 class=\"wp-block-paragraph\"><strong>6. S\u00e9curit\u00e9 de l&#039;information<\/strong><\/h3><p class=\"wp-block-paragraph\">6.1. requalify.ai adopte des mesures de s\u00e9curit\u00e9 techniques et organisationnelles appropri\u00e9es (par exemple, cryptage, protocoles de s\u00e9curit\u00e9, contr\u00f4le d&#039;acc\u00e8s) pour prot\u00e9ger les donn\u00e9es contre tout acc\u00e8s non autoris\u00e9, accidentel ou ill\u00e9gal.<\/p><p class=\"wp-block-paragraph\">6.2. En cas d&#039;incident de s\u00e9curit\u00e9 pouvant entra\u00eener un risque ou un dommage important pour les personnes concern\u00e9es, requalify.ai communiquera l&#039;incident \u00e0 l&#039;Autorit\u00e9 nationale de protection des donn\u00e9es (ANPD) et aux personnes concern\u00e9es, conform\u00e9ment \u00e0 la LGPD.<\/p><p class=\"wp-block-paragraph\">6.3. L&#039;utilisateur est \u00e9galement responsable de la s\u00e9curit\u00e9 de ses appareils et de ne pas partager ses identifiants d&#039;acc\u00e8s.<\/p><h3 class=\"wp-block-paragraph\"><strong>7. Droits du titulaire<\/strong><\/h3><p class=\"wp-block-paragraph\">7.1. Comme le pr\u00e9voit la LGPD, le titulaire des donn\u00e9es personnelles a le droit de :<\/p><ul class=\"wp-block-list wp-block-list\"><li>Confirmer l&#039;existence d&#039;un traitement et acc\u00e9der \u00e0 vos donn\u00e9es personnelles trait\u00e9es par requalify.ai ;<\/li><li>Demander la correction de donn\u00e9es incompl\u00e8tes, inexactes ou obsol\u00e8tes ;<\/li><li>Demander l\u2019anonymisation, le blocage ou la suppression des donn\u00e9es inutiles ou excessives ;<\/li><li>Obtenir des informations sur les entit\u00e9s avec lesquelles requalifify.ai partage des donn\u00e9es\u00a0;<\/li><li>Demander la portabilit\u00e9 des donn\u00e9es, le cas \u00e9ch\u00e9ant\u00a0;<\/li><li>R\u00e9voquer les consentements pr\u00e9c\u00e9demment donn\u00e9s ;<\/li><li>Exercer d\u2019autres droits pr\u00e9vus par la l\u00e9gislation applicable, conform\u00e9ment aux mises \u00e0 jour r\u00e9glementaires de la LGPD et de l\u2019ANPD.<\/li><\/ul><p class=\"wp-block-paragraph\">7.2. Pour exercer ses droits, l&#039;Utilisateur peut nous contacter \u00e0 tout moment via le canal pr\u00e9vu \u00e0 cet effet. Nous nous efforcerons de r\u00e9pondre dans un d\u00e9lai raisonnable et comme l\u2019exige la loi.<\/p><h3 class=\"wp-block-paragraph\"><strong>8. Responsable (DPD) et canal de contact<\/strong><\/h3><p class=\"wp-block-paragraph\">8.1. requalify.ai dispose d&#039;un responsable (DPO) charg\u00e9 d&#039;agir comme canal de communication avec les titulaires et avec l&#039;ANPD sur les questions li\u00e9es \u00e0 cette politique.<\/p><p class=\"wp-block-paragraph\">8.2. Pour toute demande, question ou r\u00e9clamation concernant vos donn\u00e9es personnelles, l&#039;Utilisateur peut nous contacter via l&#039;adresse fournie sur le site officiel requalify.ai.<\/p><h3 class=\"wp-block-paragraph\"><strong>9. Modifications de cette politique<\/strong><\/h3><p class=\"wp-block-paragraph\">9.1. requalify.ai peut r\u00e9viser et mettre \u00e0 jour cette politique p\u00e9riodiquement pour refl\u00e9ter les changements l\u00e9gislatifs ou am\u00e9liorer les mesures de protection des donn\u00e9es.<\/p><p class=\"wp-block-paragraph\">9.2. En cas de modifications substantielles, l&#039;Utilisateur sera averti via les coordonn\u00e9es fournies ou au moyen d&#039;un avis sur la Plateforme. L&#039;utilisation continue apr\u00e8s des modifications constituera une acceptation des nouvelles dispositions.<\/p><h3 class=\"wp-block-paragraph\"><strong>10. Loi applicable et juridiction<\/strong><\/h3><p class=\"wp-block-paragraph\">10.1. Cette politique est r\u00e9gie et interpr\u00e9t\u00e9e conform\u00e9ment aux lois br\u00e9siliennes. Tout litige d\u00e9coulant de la pr\u00e9sente politique sera soumis \u00e0 la juridiction du district de <strong>Juiz de Fora \u2013 MG<\/strong>, si\u00e8ge social de requalify.ai, sauf disposition contraire de la loi.<\/p><h3 class=\"wp-block-paragraph\"><strong>11. Term<\/strong><\/h3><p class=\"wp-block-paragraph\">11.1. Cette politique entre en vigueur \u00e0 la date de sa publication sur le site officiel requalify.ai, rempla\u00e7ant les versions pr\u00e9c\u00e9dentes.<\/p><h3 class=\"wp-block-paragraph\"><strong>12. Dispositions finales<\/strong><\/h3><p class=\"wp-block-paragraph\">12.1. En cas de divergence entre la pr\u00e9sente Politique de confidentialit\u00e9 et les Conditions d\u2019utilisation, la disposition la plus sp\u00e9cifique en mati\u00e8re de confidentialit\u00e9 et de protection des donn\u00e9es pr\u00e9vaudra.<\/p><p class=\"wp-block-paragraph\">12.2. L\u2019\u00e9ventuelle nullit\u00e9 d\u2019une clause de la pr\u00e9sente Politique n\u2019invalide pas le reste du document, qui restera en vigueur dans ses autres termes.<\/p><p class=\"wp-block-paragraph\"><strong>Cette politique est en vigueur \u00e0 compter du 18 juin 2023<\/strong><\/p><p class=\"wp-block-paragraph\">Pour plus d&#039;informations ou de pr\u00e9cisions, veuillez nous contacter.<\/p><p class=\"wp-block-paragraph\"><strong>requalify.ai \u2013 Tous droits r\u00e9serv\u00e9s<\/strong><\/p>\t\t\t\t\t\t\t\t<\/div>\n\t\t\t\t<\/div>\n\t\t\t\t\t<\/div>\n\t\t\t\t<\/div>\n\t\t\t\t<\/div>","protected":false},"excerpt":{"rendered":"<p>Pol\u00edtica de privacidade Contact us 1. Introdu\u00e7\u00e3o e Compromisso com a Privacidade 1.1. A privacidade do Usu\u00e1rio \u00e9 importante para n\u00f3s. Esta Pol\u00edtica de Privacidade (\u201cPol\u00edtica\u201d) descreve como coletamos, usamos, armazenamos e protegemos dados pessoais relacionados ao uso do requalify.ai, em conformidade com a LGPD (Lei n\u00ba 13.709\/2018) e demais legisla\u00e7\u00f5es aplic\u00e1veis. 1.2. Coleta de [&hellip;]<\/p>","protected":false},"author":2,"featured_media":0,"parent":0,"menu_order":0,"comment_status":"closed","ping_status":"closed","template":"","meta":{"footnotes":""},"class_list":["post-3","page","type-page","status-publish","hentry"],"yoast_head":"<!-- This site is optimized with the Yoast SEO plugin v25.6 - https:\/\/yoast.com\/wordpress\/plugins\/seo\/ -->\n<title>Pol\u00edtica de privacidade - requalify<\/title>\n<meta name=\"robots\" content=\"index, follow, max-snippet:-1, max-image-preview:large, max-video-preview:-1\" \/>\n<link rel=\"canonical\" href=\"https:\/\/requalify.ai\/fr\/privacy-statement\/\" \/>\n<meta property=\"og:locale\" content=\"fr_FR\" \/>\n<meta property=\"og:type\" content=\"article\" \/>\n<meta property=\"og:title\" content=\"Pol\u00edtica de privacidade - requalify\" \/>\n<meta property=\"og:description\" content=\"Pol\u00edtica de privacidade Contact us 1. Introdu\u00e7\u00e3o e Compromisso com a Privacidade 1.1. A privacidade do Usu\u00e1rio \u00e9 importante para n\u00f3s. Esta Pol\u00edtica de Privacidade (\u201cPol\u00edtica\u201d) descreve como coletamos, usamos, armazenamos e protegemos dados pessoais relacionados ao uso do requalify.ai, em conformidade com a LGPD (Lei n\u00ba 13.709\/2018) e demais legisla\u00e7\u00f5es aplic\u00e1veis. 1.2. Coleta de [&hellip;]\" \/>\n<meta property=\"og:url\" content=\"https:\/\/requalify.ai\/fr\/privacy-statement\/\" \/>\n<meta property=\"og:site_name\" content=\"requalify\" \/>\n<meta property=\"article:publisher\" content=\"https:\/\/www.facebook.com\/requalifyai\" \/>\n<meta property=\"article:modified_time\" content=\"2025-04-30T21:32:30+00:00\" \/>\n<meta name=\"twitter:card\" content=\"summary_large_image\" \/>\n<meta name=\"twitter:site\" content=\"@RequalifyAI\" \/>\n<meta name=\"twitter:label1\" content=\"Dur\u00e9e de lecture estim\u00e9e\" \/>\n\t<meta name=\"twitter:data1\" content=\"7 minutes\" \/>\n<script type=\"application\/ld+json\" class=\"yoast-schema-graph\">{\"@context\":\"https:\/\/schema.org\",\"@graph\":[{\"@type\":\"WebPage\",\"@id\":\"https:\/\/requalify.ai\/privacy-statement\/\",\"url\":\"https:\/\/requalify.ai\/privacy-statement\/\",\"name\":\"Pol\u00edtica de privacidade - requalify\",\"isPartOf\":{\"@id\":\"https:\/\/requalify.ai\/#website\"},\"datePublished\":\"2025-02-13T11:58:03+00:00\",\"dateModified\":\"2025-04-30T21:32:30+00:00\",\"breadcrumb\":{\"@id\":\"https:\/\/requalify.ai\/privacy-statement\/#breadcrumb\"},\"inLanguage\":\"fr-FR\",\"potentialAction\":[{\"@type\":\"ReadAction\",\"target\":[\"https:\/\/requalify.ai\/privacy-statement\/\"]}]},{\"@type\":\"BreadcrumbList\",\"@id\":\"https:\/\/requalify.ai\/privacy-statement\/#breadcrumb\",\"itemListElement\":[{\"@type\":\"ListItem\",\"position\":1,\"name\":\"In\u00edcio\",\"item\":\"https:\/\/requalify.ai\/\"},{\"@type\":\"ListItem\",\"position\":2,\"name\":\"Pol\u00edtica de privacidade\"}]},{\"@type\":\"WebSite\",\"@id\":\"https:\/\/requalify.ai\/#website\",\"url\":\"https:\/\/requalify.ai\/\",\"name\":\"requalify\",\"description\":\"reiventando a pesquisa qualitativa\",\"publisher\":{\"@id\":\"https:\/\/requalify.ai\/#organization\"},\"alternateName\":\"requalify\",\"potentialAction\":[{\"@type\":\"SearchAction\",\"target\":{\"@type\":\"EntryPoint\",\"urlTemplate\":\"https:\/\/requalify.ai\/?s={search_term_string}\"},\"query-input\":{\"@type\":\"PropertyValueSpecification\",\"valueRequired\":true,\"valueName\":\"search_term_string\"}}],\"inLanguage\":\"fr-FR\"},{\"@type\":\"Organization\",\"@id\":\"https:\/\/requalify.ai\/#organization\",\"name\":\"requalify\",\"alternateName\":\"requalify\",\"url\":\"https:\/\/requalify.ai\/\",\"logo\":{\"@type\":\"ImageObject\",\"inLanguage\":\"fr-FR\",\"@id\":\"https:\/\/requalify.ai\/#\/schema\/logo\/image\/\",\"url\":\"https:\/\/requalify.ai\/wp-content\/uploads\/2025\/02\/requalify_fundo_claro.png\",\"contentUrl\":\"https:\/\/requalify.ai\/wp-content\/uploads\/2025\/02\/requalify_fundo_claro.png\",\"width\":800,\"height\":300,\"caption\":\"requalify\"},\"image\":{\"@id\":\"https:\/\/requalify.ai\/#\/schema\/logo\/image\/\"},\"sameAs\":[\"https:\/\/www.facebook.com\/requalifyai\",\"https:\/\/x.com\/RequalifyAI\",\"https:\/\/www.instagram.com\/requalify.ai\",\"https:\/\/www.tiktok.com\/@requalify.ai\",\"https:\/\/www.youtube.com\/channel\/UCGzFUsBPEvW06J0y9FGuruQ\"]}]}<\/script>\n<!-- \/ Yoast SEO plugin. -->","yoast_head_json":{"title":"Pol\u00edtica de privacidade - requalify","robots":{"index":"index","follow":"follow","max-snippet":"max-snippet:-1","max-image-preview":"max-image-preview:large","max-video-preview":"max-video-preview:-1"},"canonical":"https:\/\/requalify.ai\/fr\/privacy-statement\/","og_locale":"fr_FR","og_type":"article","og_title":"Pol\u00edtica de privacidade - requalify","og_description":"Pol\u00edtica de privacidade Contact us 1. Introdu\u00e7\u00e3o e Compromisso com a Privacidade 1.1. A privacidade do Usu\u00e1rio \u00e9 importante para n\u00f3s. Esta Pol\u00edtica de Privacidade (\u201cPol\u00edtica\u201d) descreve como coletamos, usamos, armazenamos e protegemos dados pessoais relacionados ao uso do requalify.ai, em conformidade com a LGPD (Lei n\u00ba 13.709\/2018) e demais legisla\u00e7\u00f5es aplic\u00e1veis. 1.2. Coleta de [&hellip;]","og_url":"https:\/\/requalify.ai\/fr\/privacy-statement\/","og_site_name":"requalify","article_publisher":"https:\/\/www.facebook.com\/requalifyai","article_modified_time":"2025-04-30T21:32:30+00:00","twitter_card":"summary_large_image","twitter_site":"@RequalifyAI","twitter_misc":{"Dur\u00e9e de lecture estim\u00e9e":"7 minutes"},"schema":{"@context":"https:\/\/schema.org","@graph":[{"@type":"WebPage","@id":"https:\/\/requalify.ai\/privacy-statement\/","url":"https:\/\/requalify.ai\/privacy-statement\/","name":"Pol\u00edtica de privacidade - requalify","isPartOf":{"@id":"https:\/\/requalify.ai\/#website"},"datePublished":"2025-02-13T11:58:03+00:00","dateModified":"2025-04-30T21:32:30+00:00","breadcrumb":{"@id":"https:\/\/requalify.ai\/privacy-statement\/#breadcrumb"},"inLanguage":"fr-FR","potentialAction":[{"@type":"ReadAction","target":["https:\/\/requalify.ai\/privacy-statement\/"]}]},{"@type":"BreadcrumbList","@id":"https:\/\/requalify.ai\/privacy-statement\/#breadcrumb","itemListElement":[{"@type":"ListItem","position":1,"name":"In\u00edcio","item":"https:\/\/requalify.ai\/"},{"@type":"ListItem","position":2,"name":"Pol\u00edtica de privacidade"}]},{"@type":"WebSite","@id":"https:\/\/requalify.ai\/#website","url":"https:\/\/requalify.ai\/","name":"requalify","description":"reiventando a pesquisa qualitativa","publisher":{"@id":"https:\/\/requalify.ai\/#organization"},"alternateName":"requalify","potentialAction":[{"@type":"SearchAction","target":{"@type":"EntryPoint","urlTemplate":"https:\/\/requalify.ai\/?s={search_term_string}"},"query-input":{"@type":"PropertyValueSpecification","valueRequired":true,"valueName":"search_term_string"}}],"inLanguage":"fr-FR"},{"@type":"Organization","@id":"https:\/\/requalify.ai\/#organization","name":"requalify","alternateName":"requalify","url":"https:\/\/requalify.ai\/","logo":{"@type":"ImageObject","inLanguage":"fr-FR","@id":"https:\/\/requalify.ai\/#\/schema\/logo\/image\/","url":"https:\/\/requalify.ai\/wp-content\/uploads\/2025\/02\/requalify_fundo_claro.png","contentUrl":"https:\/\/requalify.ai\/wp-content\/uploads\/2025\/02\/requalify_fundo_claro.png","width":800,"height":300,"caption":"requalify"},"image":{"@id":"https:\/\/requalify.ai\/#\/schema\/logo\/image\/"},"sameAs":["https:\/\/www.facebook.com\/requalifyai","https:\/\/x.com\/RequalifyAI","https:\/\/www.instagram.com\/requalify.ai","https:\/\/www.tiktok.com\/@requalify.ai","https:\/\/www.youtube.com\/channel\/UCGzFUsBPEvW06J0y9FGuruQ"]}]}},"_links":{"self":[{"href":"https:\/\/requalify.ai\/fr\/wp-json\/wp\/v2\/pages\/3","targetHints":{"allow":["GET"]}}],"collection":[{"href":"https:\/\/requalify.ai\/fr\/wp-json\/wp\/v2\/pages"}],"about":[{"href":"https:\/\/requalify.ai\/fr\/wp-json\/wp\/v2\/types\/page"}],"author":[{"embeddable":true,"href":"https:\/\/requalify.ai\/fr\/wp-json\/wp\/v2\/users\/2"}],"replies":[{"embeddable":true,"href":"https:\/\/requalify.ai\/fr\/wp-json\/wp\/v2\/comments?post=3"}],"version-history":[{"count":9,"href":"https:\/\/requalify.ai\/fr\/wp-json\/wp\/v2\/pages\/3\/revisions"}],"predecessor-version":[{"id":1451,"href":"https:\/\/requalify.ai\/fr\/wp-json\/wp\/v2\/pages\/3\/revisions\/1451"}],"wp:attachment":[{"href":"https:\/\/requalify.ai\/fr\/wp-json\/wp\/v2\/media?parent=3"}],"curies":[{"name":"wp","href":"https:\/\/api.w.org\/{rel}","templated":true}]}}