{"id":525,"date":"2025-02-28T15:37:29","date_gmt":"2025-02-28T18:37:29","guid":{"rendered":"https:\/\/test.evakub.com\/?page_id=525"},"modified":"2025-04-30T18:33:00","modified_gmt":"2025-04-30T21:33:00","slug":"terms-and-conditions","status":"publish","type":"page","link":"https:\/\/requalify.ai\/fr\/terms-and-conditions\/","title":{"rendered":"Termes et conditions"},"content":{"rendered":"<div data-elementor-type=\"wp-page\" data-elementor-id=\"525\" class=\"elementor elementor-525\" data-elementor-post-type=\"page\">\n\t\t\t\t<div class=\"elementor-element elementor-element-26c54d91 e-flex e-con-boxed e-con e-parent\" data-id=\"26c54d91\" data-element_type=\"container\" data-settings=\"{&quot;background_background&quot;:&quot;classic&quot;}\">\n\t\t\t\t\t<div class=\"e-con-inner\">\n\t\t\t\t<div class=\"elementor-element elementor-element-7d459081 elementor-widget elementor-widget-heading\" data-id=\"7d459081\" data-element_type=\"widget\" data-widget_type=\"heading.default\">\n\t\t\t\t<div class=\"elementor-widget-container\">\n\t\t\t\t\t<h1 class=\"elementor-heading-title elementor-size-default\">Termes et conditions<\/h1>\t\t\t\t<\/div>\n\t\t\t\t<\/div>\n\t\t\t\t<div class=\"elementor-element elementor-element-74772e99 elementor-align-center elementor-hidden-desktop elementor-hidden-tablet elementor-hidden-mobile elementor-widget elementor-widget-button\" data-id=\"74772e99\" data-element_type=\"widget\" data-widget_type=\"button.default\">\n\t\t\t\t<div class=\"elementor-widget-container\">\n\t\t\t\t\t\t\t\t\t<div class=\"elementor-button-wrapper\">\n\t\t\t\t\t<a class=\"elementor-button elementor-size-sm\" role=\"button\">\n\t\t\t\t\t\t<span class=\"elementor-button-content-wrapper\">\n\t\t\t\t\t\t\t\t\t<span class=\"elementor-button-text\">Contactez-nous<\/span>\n\t\t\t\t\t<\/span>\n\t\t\t\t\t<\/a>\n\t\t\t\t<\/div>\n\t\t\t\t\t\t\t\t<\/div>\n\t\t\t\t<\/div>\n\t\t\t\t\t<\/div>\n\t\t\t\t<\/div>\n\t\t<div class=\"elementor-element elementor-element-13960d4 e-con-full e-flex e-con e-parent\" data-id=\"13960d4\" data-element_type=\"container\">\n\t\t\t\t<div class=\"elementor-element elementor-element-eb94606 elementor-widget elementor-widget-text-editor\" data-id=\"eb94606\" data-element_type=\"widget\" data-widget_type=\"text-editor.default\">\n\t\t\t\t<div class=\"elementor-widget-container\">\n\t\t\t\t\t\t\t\t\t<h3 class=\"wp-block-paragraph\"><strong>1. Acceptation des conditions<\/strong><\/h3><p class=\"wp-block-paragraph\">1.1. En acc\u00e9dant ou en utilisant le site Web et la plateforme requalify.ai (ci-apr\u00e8s, \u00ab<strong>requalifier.ai<\/strong>&quot; ou &quot;<strong>Plate-forme<\/strong>\u00ab\u00a0\u00bb, l&#039;utilisateur (\u00ab\u00a0<strong>Utilisateur<\/strong>\u00ab\u00a0\u00bb d\u00e9clare avoir lu, compris et accept\u00e9 les pr\u00e9sentes Conditions d&#039;utilisation et Conditions g\u00e9n\u00e9rales (\u00ab\u00a0\u00bb)<strong>Termes<\/strong>\u00ab\u00a0\u00bb. Si vous n&#039;\u00eates pas d&#039;accord avec l&#039;une des dispositions pr\u00e9sent\u00e9es ici, l&#039;Utilisateur <strong>Non<\/strong> est autoris\u00e9 \u00e0 acc\u00e9der ou \u00e0 utiliser la Plateforme.<\/p><p class=\"wp-block-paragraph\">1.2. Les pr\u00e9sentes conditions sont conformes \u00e0 la l\u00e9gislation applicable, y compris, mais sans s&#039;y limiter, \u00e0 la loi n\u00b0 13\u00a0709\/2018 (loi g\u00e9n\u00e9rale sur la protection des donn\u00e9es personnelles \u2013 \u00ab<strong>LGPD<\/strong>\u201d), le cadre des droits civils sur Internet (loi n\u00b0 12 965\/2014), la r\u00e9glementation sur le droit d&#039;auteur (loi n\u00b0 9 610\/1998) et, <strong>lorsqu&#039;il s&#039;agit de donn\u00e9es de sant\u00e9 ou de recherches sur des \u00eatres humains, l&#039;utilisateur doit en outre respecter les normes \u00e9thiques et juridiques du Conseil national de la sant\u00e9 (CNS), en particulier la r\u00e9solution n\u00b0 466\/2012 et d&#039;autres r\u00e9glementations pertinentes.<\/strong>.<\/p><h3 class=\"wp-block-paragraph\"><strong>2. Objet<\/strong><\/h3><p class=\"wp-block-paragraph\">2.1. requalify.ai est une plateforme SaaS (Software as a Service) qui fournit des outils d&#039;analyse, de traitement de documents et d&#039;intelligence artificielle, permettant l&#039;extraction d&#039;informations \u00e0 partir de donn\u00e9es et de documents fournis par les utilisateurs.<\/p><p class=\"wp-block-paragraph\">2.2. Cet instrument \u00e9tablit les conditions d&#039;utilisation du <strong>requalifier.ai<\/strong>, ainsi que pour l\u2019interaction de l\u2019Utilisateur avec les services propos\u00e9s sur la Plateforme.<\/p><p class=\"wp-block-paragraph\"><strong>2.3. Exclusions et limitations sp\u00e9cifiques \u2013 Donn\u00e9es sur la sant\u00e9 et la recherche :<\/strong><\/p><p class=\"wp-block-paragraph\">a) Lorsque l&#039;Utilisateur utilise la Plateforme pour traiter des donn\u00e9es de sant\u00e9 ou des informations potentiellement li\u00e9es \u00e0 la recherche impliquant des \u00eatres humains, il est de la seule responsabilit\u00e9 de l&#039;Utilisateur de s&#039;assurer qu&#039;il dispose d&#039;une base l\u00e9gale et d&#039;autorisations ad\u00e9quates, telles que le consentement expr\u00e8s des titulaires ou l&#039;approbation des Comit\u00e9s d&#039;\u00e9thique de la recherche (CEP) ou des Commissions d&#039;\u00e9thique, lorsque les normes du CNS l&#039;exigent.<\/p><p class=\"wp-block-paragraph\">b) requalifier.ai <strong>Non<\/strong> n&#039;est pas responsable des obligations \u00e9thiques et l\u00e9gales du protocole de recherche, ni des modalit\u00e9s de consentement \u00e9clair\u00e9 que l&#039;Utilisateur doit obtenir de ses participants\/patients.<\/p><h3 class=\"wp-block-paragraph\"><strong>3. Licence d&#039;utilisation<\/strong><\/h3><p class=\"wp-block-paragraph\">3.1. L&#039;Utilisateur se voit accorder une licence limit\u00e9e, personnelle, non transf\u00e9rable et non exclusive pour acc\u00e9der et utiliser requalify.ai, uniquement \u00e0 des fins personnelles ou professionnelles l\u00e9gitimes, conform\u00e9ment \u00e0 la modalit\u00e9 contractuelle ou d&#039;utilisation autoris\u00e9e par la Plateforme.<\/p><p class=\"wp-block-paragraph\">3.2. Cette licence n&#039;implique aucun transfert de propri\u00e9t\u00e9 du logiciel ou du contenu \u00e0 l&#039;Utilisateur. L&#039;Utilisateur n&#039;acquiert aucun droit d&#039;exploiter, de redistribuer ou de reproduire publiquement le contenu mis \u00e0 disposition par la Plateforme, sauf autorisation expresse.<\/p><p class=\"wp-block-paragraph\">3.3. <strong>Restrictions<\/strong>. Il est interdit \u00e0 l&#039;Utilisateur, entre autres pratiques :<\/p><p class=\"wp-block-paragraph\">a) Modifier, copier, traduire, adapter, sous-licencier, vendre ou exploiter commercialement de quelque mani\u00e8re que ce soit la Plateforme ou les \u00e9l\u00e9ments qu&#039;elle contient ;<\/p><p class=\"wp-block-paragraph\">b) Tenter de d\u00e9compiler, de proc\u00e9der \u00e0 une ing\u00e9nierie inverse, d&#039;effectuer une extraction de code source ou tout acte similaire en relation avec le logiciel requalify.ai ;<\/p><p class=\"wp-block-paragraph\">c) Supprimer les avis de droits d\u2019auteur, les marques commerciales ou tout autre avis de propri\u00e9t\u00e9 intellectuelle contenus dans la Plateforme\u00a0;<\/p><p class=\"wp-block-paragraph\">d) Partager ou transf\u00e9rer vos identifiants d&#039;acc\u00e8s \u00e0 des tiers ou autoriser l&#039;utilisation de votre compte, sauf autorisation pr\u00e9alable et expresse de requalify.ai.<\/p><p class=\"wp-block-paragraph\">3.4. La violation de l\u2019une des restrictions \u00e9nonc\u00e9es dans les pr\u00e9sentes Conditions entra\u00eenera la r\u00e9siliation imm\u00e9diate de la licence accord\u00e9e, sans pr\u00e9judice des responsabilit\u00e9s applicables.<\/p><h3 class=\"wp-block-paragraph\"><strong>4. Responsabilit\u00e9s et exclusions de garantie<\/strong><\/h3><p class=\"wp-block-paragraph\">4.1. requalify.ai met tout en \u0153uvre pour maintenir la Plateforme pleinement op\u00e9rationnelle, mais ne garantit pas que le service sera ininterrompu ou sans erreur.<\/p><p class=\"wp-block-paragraph\">4.2. <strong>Disponibilit\u00e9 et \u00ab tel quel \u00bb<\/strong>. requalify.ai est fourni \u00ab<strong>comment vas-tu ?<\/strong>&quot; et &quot;<strong>selon disponibilit\u00e9<\/strong>Il n\u2019existe aucune garantie, expresse ou implicite, d\u2019ad\u00e9quation \u00e0 un usage particulier, de performance ou de non-violation des droits de tiers.<\/p><p class=\"wp-block-paragraph\">4.3. <strong>Limitation de responsabilit\u00e9<\/strong>. Dans la mesure maximale permise par la loi, requalify.ai et ses fournisseurs ne seront pas responsables des dommages indirects, sp\u00e9ciaux, accessoires ou cons\u00e9cutifs d\u00e9coulant de l&#039;utilisation ou de l&#039;impossibilit\u00e9 d&#039;utiliser la Plateforme, y compris la perte de donn\u00e9es, la perte de profits ou l&#039;interruption d&#039;activit\u00e9.<\/p><p class=\"wp-block-paragraph\">4.4. <strong>Contenu et liens tiers<\/strong>. La Plateforme peut contenir des liens vers des sites Web tiers non exploit\u00e9s par requalify.ai. L&#039;inclusion de tout lien n&#039;implique pas une approbation ou une garantie d&#039;exactitude, et l&#039;acc\u00e8s \u00e0 ce contenu rel\u00e8ve de la seule responsabilit\u00e9 de l&#039;Utilisateur.<\/p><p class=\"wp-block-paragraph\">4.5. <strong>Donn\u00e9es et recherche sur la sant\u00e9<\/strong>. requalify.ai n&#039;est pas responsable des processus de recherche, des m\u00e9thodologies cliniques ou du traitement des donn\u00e9es de sant\u00e9 sensibles saisies par l&#039;utilisateur, et l&#039;utilisateur est seul responsable de toute violation de confidentialit\u00e9, de consentement ou de conduite non conforme \u00e0 l&#039;\u00e9thique de la recherche.<\/p><p class=\"wp-block-paragraph\">4.6. <strong>Limitation du montant de la responsabilit\u00e9<\/strong>. En aucun cas, requalify.ai ne pourra \u00eatre tenu responsable de tout dommage d\u00e9coulant des pr\u00e9sentes Conditions. <strong>d\u00e9passera le montant effectivement pay\u00e9 par l&#039;Utilisateur \u00e0 la Plateforme dans les 3 (trois) mois pr\u00e9c\u00e9dant l&#039;\u00e9v\u00e9nement ayant donn\u00e9 lieu \u00e0 la r\u00e9clamation<\/strong>.<\/p><h3 class=\"wp-block-paragraph\"><strong>5. Contenu soumis par l&#039;utilisateur<\/strong><\/h3><p class=\"wp-block-paragraph\">5.1. L&#039;Utilisateur assume l&#039;enti\u00e8re responsabilit\u00e9 du contenu (textes, documents, vid\u00e9os, audios, images ou tout autre mat\u00e9riel) qu&#039;il ins\u00e8re ou t\u00e9l\u00e9charge sur la Plateforme.<\/p><p class=\"wp-block-paragraph\">5.2. L&#039;Utilisateur d\u00e9clare et garantit qu&#039;il dispose des droits ou autorisations n\u00e9cessaires pour soumettre un tel contenu, exon\u00e9rant requalify.ai de toute responsabilit\u00e9 en cas de r\u00e9clamations de tiers pour utilisation abusive du droit d&#039;auteur ou des droits de propri\u00e9t\u00e9 intellectuelle.<\/p><p class=\"wp-block-paragraph\"><strong>5.3. Interdiction d&#039;utilisation pour la formation \u00e0 l&#039;IA<\/strong>. L&#039;Utilisateur reconna\u00eet que :<\/p><p class=\"wp-block-paragraph\">\u2022 requalifier.ai <strong>Non<\/strong> utilise les donn\u00e9es t\u00e9l\u00e9charg\u00e9es ou g\u00e9n\u00e9r\u00e9es par l&#039;Utilisateur pour former des mod\u00e8les d&#039;intelligence artificielle de mani\u00e8re g\u00e9n\u00e9ralis\u00e9e ;<\/p><p class=\"wp-block-paragraph\">\u2022 Les donn\u00e9es sont uniquement trait\u00e9es aux fins sp\u00e9cifiques demand\u00e9es par l&#039;Utilisateur (par exemple : g\u00e9n\u00e9rer des analyses, des insights) et stock\u00e9es comme indiqu\u00e9 dans la Politique de confidentialit\u00e9, sans enrichir les bases de donn\u00e9es d&#039;IA \u00e0 grande \u00e9chelle.<\/p><h3 class=\"wp-block-paragraph\"><strong>6. Mises \u00e0 jour et modifications<\/strong><\/h3><p class=\"wp-block-paragraph\">6.1. requalify.ai peut, \u00e0 tout moment et sans pr\u00e9avis, modifier, supprimer ou ajouter des fonctionnalit\u00e9s \u00e0 la Plateforme, principalement en vue d&#039;am\u00e9liorations et de mises \u00e0 jour.<\/p><p class=\"wp-block-paragraph\">6.2. requalify.ai peut r\u00e9viser ces Conditions \u00e0 tout moment en publiant une version mise \u00e0 jour. L\u2019utilisation continue de la Plateforme apr\u00e8s la publication des modifications impliquera l\u2019acceptation des modifications.<\/p><h3 class=\"wp-block-paragraph\"><strong>7. Loi applicable et juridiction<\/strong><\/h3><p class=\"wp-block-paragraph\">7.1. Les pr\u00e9sentes Conditions sont r\u00e9gies par les lois br\u00e9siliennes, en particulier par la l\u00e9gislation applicable \u00e0 la protection des donn\u00e9es, au commerce \u00e9lectronique et aux r\u00e9glementations du CNS, le cas \u00e9ch\u00e9ant.<\/p><p class=\"wp-block-paragraph\">7.2. Tout conflit sera r\u00e9solu dans la juridiction du district de Juiz de Fora \u2013 MG, si\u00e8ge de requalify.ai, sauf s&#039;il existe une disposition l\u00e9gale d\u00e9terminant une juridiction diff\u00e9rente.<\/p><h3 class=\"wp-block-paragraph\"><strong>8. Dispositions finales<\/strong><\/h3><p class=\"wp-block-paragraph\">8.1. Si une disposition des pr\u00e9sentes Conditions est jug\u00e9e invalide ou inapplicable, les dispositions restantes resteront pleinement en vigueur.<\/p><p class=\"wp-block-paragraph\">8.2. Le fait de ne pas exercer un droit ou une disposition des pr\u00e9sentes Conditions n\u2019implique pas une renonciation \u00e0 celui-ci.<\/p><p class=\"wp-block-paragraph\">8.3. Les questions ou demandes d\u00e9coulant des pr\u00e9sentes Conditions peuvent \u00eatre adress\u00e9es au canal de contact indiqu\u00e9 sur le site officiel requalify.ai.<\/p>\t\t\t\t\t\t\t\t<\/div>\n\t\t\t\t<\/div>\n\t\t\t\t<\/div>\n\t\t\t\t<\/div>","protected":false},"excerpt":{"rendered":"<p>Termos e Condi\u00e7\u00f5es Contact us 1. Aceita\u00e7\u00e3o dos Termos 1.1. Ao acessar ou utilizar o site e a plataforma requalify.ai (doravante, \u201crequalify.ai\u201d ou \u201cPlataforma\u201d), o usu\u00e1rio (\u201cUsu\u00e1rio\u201d) declara ter lido, entendido e concordado com estes Termos de Uso e Condi\u00e7\u00f5es Gerais (\u201cTermos\u201d). Se n\u00e3o concordar com alguma das disposi\u00e7\u00f5es aqui apresentadas, o Usu\u00e1rio n\u00e3o est\u00e1 [&hellip;]<\/p>","protected":false},"author":2,"featured_media":0,"parent":0,"menu_order":0,"comment_status":"closed","ping_status":"closed","template":"","meta":{"footnotes":""},"class_list":["post-525","page","type-page","status-publish","hentry"],"yoast_head":"<!-- This site is optimized with the Yoast SEO plugin v25.6 - https:\/\/yoast.com\/wordpress\/plugins\/seo\/ -->\n<title>Termos e Condi\u00e7\u00f5es - requalify<\/title>\n<meta name=\"robots\" content=\"index, follow, max-snippet:-1, max-image-preview:large, max-video-preview:-1\" \/>\n<link rel=\"canonical\" href=\"https:\/\/requalify.ai\/fr\/terms-and-conditions\/\" \/>\n<meta property=\"og:locale\" content=\"fr_FR\" \/>\n<meta property=\"og:type\" content=\"article\" \/>\n<meta property=\"og:title\" content=\"Termos e Condi\u00e7\u00f5es - requalify\" \/>\n<meta property=\"og:description\" content=\"Termos e Condi\u00e7\u00f5es Contact us 1. Aceita\u00e7\u00e3o dos Termos 1.1. Ao acessar ou utilizar o site e a plataforma requalify.ai (doravante, \u201crequalify.ai\u201d ou \u201cPlataforma\u201d), o usu\u00e1rio (\u201cUsu\u00e1rio\u201d) declara ter lido, entendido e concordado com estes Termos de Uso e Condi\u00e7\u00f5es Gerais (\u201cTermos\u201d). Se n\u00e3o concordar com alguma das disposi\u00e7\u00f5es aqui apresentadas, o Usu\u00e1rio n\u00e3o est\u00e1 [&hellip;]\" \/>\n<meta property=\"og:url\" content=\"https:\/\/requalify.ai\/fr\/terms-and-conditions\/\" \/>\n<meta property=\"og:site_name\" content=\"requalify\" \/>\n<meta property=\"article:publisher\" content=\"https:\/\/www.facebook.com\/requalifyai\" \/>\n<meta property=\"article:modified_time\" content=\"2025-04-30T21:33:00+00:00\" \/>\n<meta name=\"twitter:card\" content=\"summary_large_image\" \/>\n<meta name=\"twitter:site\" content=\"@RequalifyAI\" \/>\n<meta name=\"twitter:label1\" content=\"Dur\u00e9e de lecture estim\u00e9e\" \/>\n\t<meta name=\"twitter:data1\" content=\"6 minutes\" \/>\n<script type=\"application\/ld+json\" class=\"yoast-schema-graph\">{\"@context\":\"https:\/\/schema.org\",\"@graph\":[{\"@type\":\"WebPage\",\"@id\":\"https:\/\/requalify.ai\/terms-and-conditions\/\",\"url\":\"https:\/\/requalify.ai\/terms-and-conditions\/\",\"name\":\"Termos e Condi\u00e7\u00f5es - requalify\",\"isPartOf\":{\"@id\":\"https:\/\/requalify.ai\/#website\"},\"datePublished\":\"2025-02-28T18:37:29+00:00\",\"dateModified\":\"2025-04-30T21:33:00+00:00\",\"breadcrumb\":{\"@id\":\"https:\/\/requalify.ai\/terms-and-conditions\/#breadcrumb\"},\"inLanguage\":\"fr-FR\",\"potentialAction\":[{\"@type\":\"ReadAction\",\"target\":[\"https:\/\/requalify.ai\/terms-and-conditions\/\"]}]},{\"@type\":\"BreadcrumbList\",\"@id\":\"https:\/\/requalify.ai\/terms-and-conditions\/#breadcrumb\",\"itemListElement\":[{\"@type\":\"ListItem\",\"position\":1,\"name\":\"In\u00edcio\",\"item\":\"https:\/\/requalify.ai\/\"},{\"@type\":\"ListItem\",\"position\":2,\"name\":\"Termos e Condi\u00e7\u00f5es\"}]},{\"@type\":\"WebSite\",\"@id\":\"https:\/\/requalify.ai\/#website\",\"url\":\"https:\/\/requalify.ai\/\",\"name\":\"requalify\",\"description\":\"reiventando a pesquisa qualitativa\",\"publisher\":{\"@id\":\"https:\/\/requalify.ai\/#organization\"},\"alternateName\":\"requalify\",\"potentialAction\":[{\"@type\":\"SearchAction\",\"target\":{\"@type\":\"EntryPoint\",\"urlTemplate\":\"https:\/\/requalify.ai\/?s={search_term_string}\"},\"query-input\":{\"@type\":\"PropertyValueSpecification\",\"valueRequired\":true,\"valueName\":\"search_term_string\"}}],\"inLanguage\":\"fr-FR\"},{\"@type\":\"Organization\",\"@id\":\"https:\/\/requalify.ai\/#organization\",\"name\":\"requalify\",\"alternateName\":\"requalify\",\"url\":\"https:\/\/requalify.ai\/\",\"logo\":{\"@type\":\"ImageObject\",\"inLanguage\":\"fr-FR\",\"@id\":\"https:\/\/requalify.ai\/#\/schema\/logo\/image\/\",\"url\":\"https:\/\/requalify.ai\/wp-content\/uploads\/2025\/02\/requalify_fundo_claro.png\",\"contentUrl\":\"https:\/\/requalify.ai\/wp-content\/uploads\/2025\/02\/requalify_fundo_claro.png\",\"width\":800,\"height\":300,\"caption\":\"requalify\"},\"image\":{\"@id\":\"https:\/\/requalify.ai\/#\/schema\/logo\/image\/\"},\"sameAs\":[\"https:\/\/www.facebook.com\/requalifyai\",\"https:\/\/x.com\/RequalifyAI\",\"https:\/\/www.instagram.com\/requalify.ai\",\"https:\/\/www.tiktok.com\/@requalify.ai\",\"https:\/\/www.youtube.com\/channel\/UCGzFUsBPEvW06J0y9FGuruQ\"]}]}<\/script>\n<!-- \/ Yoast SEO plugin. -->","yoast_head_json":{"title":"Termos e Condi\u00e7\u00f5es - requalify","robots":{"index":"index","follow":"follow","max-snippet":"max-snippet:-1","max-image-preview":"max-image-preview:large","max-video-preview":"max-video-preview:-1"},"canonical":"https:\/\/requalify.ai\/fr\/terms-and-conditions\/","og_locale":"fr_FR","og_type":"article","og_title":"Termos e Condi\u00e7\u00f5es - requalify","og_description":"Termos e Condi\u00e7\u00f5es Contact us 1. Aceita\u00e7\u00e3o dos Termos 1.1. Ao acessar ou utilizar o site e a plataforma requalify.ai (doravante, \u201crequalify.ai\u201d ou \u201cPlataforma\u201d), o usu\u00e1rio (\u201cUsu\u00e1rio\u201d) declara ter lido, entendido e concordado com estes Termos de Uso e Condi\u00e7\u00f5es Gerais (\u201cTermos\u201d). Se n\u00e3o concordar com alguma das disposi\u00e7\u00f5es aqui apresentadas, o Usu\u00e1rio n\u00e3o est\u00e1 [&hellip;]","og_url":"https:\/\/requalify.ai\/fr\/terms-and-conditions\/","og_site_name":"requalify","article_publisher":"https:\/\/www.facebook.com\/requalifyai","article_modified_time":"2025-04-30T21:33:00+00:00","twitter_card":"summary_large_image","twitter_site":"@RequalifyAI","twitter_misc":{"Dur\u00e9e de lecture estim\u00e9e":"6 minutes"},"schema":{"@context":"https:\/\/schema.org","@graph":[{"@type":"WebPage","@id":"https:\/\/requalify.ai\/terms-and-conditions\/","url":"https:\/\/requalify.ai\/terms-and-conditions\/","name":"Termos e Condi\u00e7\u00f5es - requalify","isPartOf":{"@id":"https:\/\/requalify.ai\/#website"},"datePublished":"2025-02-28T18:37:29+00:00","dateModified":"2025-04-30T21:33:00+00:00","breadcrumb":{"@id":"https:\/\/requalify.ai\/terms-and-conditions\/#breadcrumb"},"inLanguage":"fr-FR","potentialAction":[{"@type":"ReadAction","target":["https:\/\/requalify.ai\/terms-and-conditions\/"]}]},{"@type":"BreadcrumbList","@id":"https:\/\/requalify.ai\/terms-and-conditions\/#breadcrumb","itemListElement":[{"@type":"ListItem","position":1,"name":"In\u00edcio","item":"https:\/\/requalify.ai\/"},{"@type":"ListItem","position":2,"name":"Termos e Condi\u00e7\u00f5es"}]},{"@type":"WebSite","@id":"https:\/\/requalify.ai\/#website","url":"https:\/\/requalify.ai\/","name":"requalify","description":"reiventando a pesquisa qualitativa","publisher":{"@id":"https:\/\/requalify.ai\/#organization"},"alternateName":"requalify","potentialAction":[{"@type":"SearchAction","target":{"@type":"EntryPoint","urlTemplate":"https:\/\/requalify.ai\/?s={search_term_string}"},"query-input":{"@type":"PropertyValueSpecification","valueRequired":true,"valueName":"search_term_string"}}],"inLanguage":"fr-FR"},{"@type":"Organization","@id":"https:\/\/requalify.ai\/#organization","name":"requalify","alternateName":"requalify","url":"https:\/\/requalify.ai\/","logo":{"@type":"ImageObject","inLanguage":"fr-FR","@id":"https:\/\/requalify.ai\/#\/schema\/logo\/image\/","url":"https:\/\/requalify.ai\/wp-content\/uploads\/2025\/02\/requalify_fundo_claro.png","contentUrl":"https:\/\/requalify.ai\/wp-content\/uploads\/2025\/02\/requalify_fundo_claro.png","width":800,"height":300,"caption":"requalify"},"image":{"@id":"https:\/\/requalify.ai\/#\/schema\/logo\/image\/"},"sameAs":["https:\/\/www.facebook.com\/requalifyai","https:\/\/x.com\/RequalifyAI","https:\/\/www.instagram.com\/requalify.ai","https:\/\/www.tiktok.com\/@requalify.ai","https:\/\/www.youtube.com\/channel\/UCGzFUsBPEvW06J0y9FGuruQ"]}]}},"_links":{"self":[{"href":"https:\/\/requalify.ai\/fr\/wp-json\/wp\/v2\/pages\/525","targetHints":{"allow":["GET"]}}],"collection":[{"href":"https:\/\/requalify.ai\/fr\/wp-json\/wp\/v2\/pages"}],"about":[{"href":"https:\/\/requalify.ai\/fr\/wp-json\/wp\/v2\/types\/page"}],"author":[{"embeddable":true,"href":"https:\/\/requalify.ai\/fr\/wp-json\/wp\/v2\/users\/2"}],"replies":[{"embeddable":true,"href":"https:\/\/requalify.ai\/fr\/wp-json\/wp\/v2\/comments?post=525"}],"version-history":[{"count":9,"href":"https:\/\/requalify.ai\/fr\/wp-json\/wp\/v2\/pages\/525\/revisions"}],"predecessor-version":[{"id":939,"href":"https:\/\/requalify.ai\/fr\/wp-json\/wp\/v2\/pages\/525\/revisions\/939"}],"wp:attachment":[{"href":"https:\/\/requalify.ai\/fr\/wp-json\/wp\/v2\/media?parent=525"}],"curies":[{"name":"wp","href":"https:\/\/api.w.org\/{rel}","templated":true}]}}