{"id":3,"date":"2025-02-13T08:58:03","date_gmt":"2025-02-13T11:58:03","guid":{"rendered":"https:\/\/test.evakub.com\/?page_id=3"},"modified":"2025-04-30T18:32:30","modified_gmt":"2025-04-30T21:32:30","slug":"privacy-statement","status":"publish","type":"page","link":"https:\/\/requalify.ai\/it\/privacy-statement\/","title":{"rendered":"politica sulla riservatezza"},"content":{"rendered":"<div data-elementor-type=\"wp-page\" data-elementor-id=\"3\" class=\"elementor elementor-3\" data-elementor-post-type=\"page\">\n\t\t\t\t<div class=\"elementor-element elementor-element-b7c5c35 e-flex e-con-boxed e-con e-parent\" data-id=\"b7c5c35\" data-element_type=\"container\" data-settings=\"{&quot;background_background&quot;:&quot;classic&quot;}\">\n\t\t\t\t\t<div class=\"e-con-inner\">\n\t\t\t\t<div class=\"elementor-element elementor-element-30e02a3d elementor-widget elementor-widget-heading\" data-id=\"30e02a3d\" data-element_type=\"widget\" data-widget_type=\"heading.default\">\n\t\t\t\t<div class=\"elementor-widget-container\">\n\t\t\t\t\t<h1 class=\"elementor-heading-title elementor-size-default\">politica sulla riservatezza<\/h1>\t\t\t\t<\/div>\n\t\t\t\t<\/div>\n\t\t\t\t<div class=\"elementor-element elementor-element-47c588d7 elementor-align-center elementor-hidden-desktop elementor-hidden-tablet elementor-hidden-mobile elementor-widget elementor-widget-button\" data-id=\"47c588d7\" data-element_type=\"widget\" data-widget_type=\"button.default\">\n\t\t\t\t<div class=\"elementor-widget-container\">\n\t\t\t\t\t\t\t\t\t<div class=\"elementor-button-wrapper\">\n\t\t\t\t\t<a class=\"elementor-button elementor-size-sm\" role=\"button\">\n\t\t\t\t\t\t<span class=\"elementor-button-content-wrapper\">\n\t\t\t\t\t\t\t\t\t<span class=\"elementor-button-text\">Contattaci<\/span>\n\t\t\t\t\t<\/span>\n\t\t\t\t\t<\/a>\n\t\t\t\t<\/div>\n\t\t\t\t\t\t\t\t<\/div>\n\t\t\t\t<\/div>\n\t\t\t\t\t<\/div>\n\t\t\t\t<\/div>\n\t\t<div class=\"elementor-element elementor-element-186c9bf e-flex e-con-boxed e-con e-parent\" data-id=\"186c9bf\" data-element_type=\"container\">\n\t\t\t\t\t<div class=\"e-con-inner\">\n\t\t\t\t<div class=\"elementor-element elementor-element-4f6bbea8 elementor-widget elementor-widget-text-editor\" data-id=\"4f6bbea8\" data-element_type=\"widget\" data-widget_type=\"text-editor.default\">\n\t\t\t\t<div class=\"elementor-widget-container\">\n\t\t\t\t\t\t\t\t\t<h3 class=\"wp-block-paragraph\"><strong>1. Introduzione e impegno per la privacy<\/strong><\/h3><p class=\"wp-block-paragraph\">1.1. La privacy degli utenti \u00e8 importante per noi. La presente Informativa sulla privacy (\u201c<strong>Politica<\/strong>\u201d) descrive come raccogliamo, utilizziamo, archiviamo e proteggiamo i dati personali relativi all&#039;uso di requalify.ai, in conformit\u00e0 con la LGPD (Legge n. 13.709\/2018) e altre normative applicabili.<\/p><p class=\"wp-block-paragraph\">1.2. <strong>Raccolta dati<\/strong>. Richiediamo informazioni personali solo quando ne abbiamo realmente bisogno per fornire e migliorare i nostri servizi e sempre sulla base di un&#039;adeguata base giuridica (ad esempio consenso, esecuzione del contratto o interesse legittimo).<\/p><p class=\"wp-block-paragraph\">1.3. <strong>Base giuridica<\/strong>. Le operazioni di trattamento dei dati personali su requalify.ai possono essere basate su:<\/p><p class=\"wp-block-paragraph\">\u2022 <strong>Consenso<\/strong> del titolare, ove applicabile;<\/p><p class=\"wp-block-paragraph\">\u2022 <strong>Esecuzione del contratto<\/strong> o procedure preliminari per un contratto di cui il titolare \u00e8 parte;<\/p><p class=\"wp-block-paragraph\">\u2022 <strong>Conformit\u00e0 con obblighi legali o normativi<\/strong>;<\/p><p class=\"wp-block-paragraph\">\u2022 <strong>Interesse legittimo<\/strong>, a condizione che non prevalgano i diritti e le libert\u00e0 fondamentali del titolare;<\/p><p class=\"wp-block-paragraph\">\u2022 Altre ipotesi previste dalla LGPD, come la tutela della salute o la prevenzione delle frodi.<\/p><p class=\"wp-block-paragraph\"><strong>1.4. Conformit\u00e0 agli standard sanitari e di ricerca<\/strong>. requalify.ai pu\u00f2 essere utilizzato in contesti che coinvolgono dati sanitari o ricerche con soggetti umani. In questi casi:<\/p><p class=\"wp-block-paragraph\">\u2022 L&#039;Utente \u00e8 responsabile di garantire che il trattamento dei dati precedente sia conforme alla normativa specifica, comprese le risoluzioni del <strong>Consiglio nazionale della sanit\u00e0 (<\/strong>CNS), come la risoluzione n. 466\/2012;<\/p><p class=\"wp-block-paragraph\">\u2022 Nonostante tutte le precauzioni di sicurezza e privacy che adottiamo, requalify.ai non sostituisce la necessit\u00e0 di comitati etici e altre autorizzazioni richieste nei protocolli di ricerca.<\/p><h3 class=\"wp-block-paragraph\"><strong>2. Dati raccolti e finalit\u00e0<\/strong><\/h3><p class=\"wp-block-paragraph\">2.1. <strong>Dati di registrazione<\/strong>: Nome, email, informazioni di contatto e altri dati necessari per creare e gestire l&#039;account Utente.<\/p><p class=\"wp-block-paragraph\">\u2022 Finalit\u00e0: autenticazione, identificazione e gestione dell&#039;accesso ai servizi.<\/p><p class=\"wp-block-paragraph\">2.2. <strong>Dettagli di pagamento<\/strong> (ove applicabile): elaborati da intermediari di pagamento, come Stripe.<\/p><p class=\"wp-block-paragraph\">\u2022 Finalit\u00e0: elaborare transazioni finanziarie, emettere fatture e ottemperare agli obblighi legali o regolamentari.<\/p><p class=\"wp-block-paragraph\">2.3. <strong>Contenuto inviato<\/strong>: File e documenti che l&#039;Utente sceglie di caricare sulla Piattaforma (inclusi eventuali dati sanitari o di ricerca).<\/p><p class=\"wp-block-paragraph\">\u2022 Scopo: consentire l&#039;analisi, la ricerca e altre funzionalit\u00e0 offerte dalla Piattaforma.<\/p><p class=\"wp-block-paragraph\">2.4. <strong>Dati di navigazione<\/strong>: indirizzo IP, registri di accesso, cookie, tipo di dispositivo, browser, data e ora di accesso.<\/p><p class=\"wp-block-paragraph\">\u2022 Scopo: mantenere la sicurezza della Piattaforma, migliorare l&#039;esperienza dell&#039;Utente e generare statistiche di utilizzo.<\/p><p class=\"wp-block-paragraph\">2.5. <strong>Cookie e tecnologie simili<\/strong>: Utilizzato per ricordare le preferenze dell&#039;utente, pubblicare annunci pubblicitari (se applicabile) e abilitare funzionalit\u00e0 essenziali.<\/p><p class=\"wp-block-paragraph\">\u2022 L&#039;Utente pu\u00f2 gestire le preferenze relative ai cookie nel proprio browser, consapevole che alcune funzionalit\u00e0 potrebbero essere compromesse.<\/p><h3 class=\"wp-block-paragraph\"><strong>3. Uso responsabile dell&#039;intelligenza artificiale e dei dati sanitari<\/strong><\/h3><p class=\"wp-block-paragraph\">3.1. Il requalify.ai <strong>NO<\/strong> utilizza i dati personali o i dati sanitari degli Utenti allo scopo di addestrare modelli di intelligenza artificiale in modo illimitato. I dati vengono elaborati come richiesto dall&#039;Utente per fornire risultati specifici (ad esempio, trascrizioni, ricerche, approfondimenti).<\/p><p class=\"wp-block-paragraph\">3.2. <strong>Decisioni automatizzate<\/strong>. Qualora vengano prese decisioni automatizzate che riguardano l&#039;Utente, quest&#039;ultimo ne sar\u00e0 informato e potr\u00e0 richiedere chiarimenti o un intervento umano, in conformit\u00e0 con la LGPD.<\/p><p class=\"wp-block-paragraph\">3.3. <strong>Dati sanitari sensibili<\/strong>. Se l&#039;Utente carica dati sanitari sensibili, si assume la responsabilit\u00e0 di garantire di aver ottenuto il consenso esplicito (quando richiesto) e di rispettare gli standard LGPD e le risoluzioni in materia di salute, compresi i requisiti di riservatezza, ricerca ed etica nella ricerca con esseri umani.<\/p><h3 class=\"wp-block-paragraph\"><strong>4. Condivisione dei dati<\/strong><\/h3><p class=\"wp-block-paragraph\">4.1. I dati dell&#039;utente potranno essere condivisi con terze parti solo nei seguenti casi:<\/p><p class=\"wp-block-paragraph\">a) Necessari per il funzionamento della Piattaforma, ad esempio servizi di cloud hosting, strumenti di analisi dei dati e fornitori di servizi di pagamento;<\/p><p class=\"wp-block-paragraph\">b) Adempimento di obblighi di legge o regolamentari;<\/p><p class=\"wp-block-paragraph\">c) Cooperazione con le autorit\u00e0 governative, su richiesta formale;<\/p><p class=\"wp-block-paragraph\">d) Tutela degli interessi di requalify.ai in caso di controversie;<\/p><p class=\"wp-block-paragraph\">e) Prevenzione delle frodi o tutela dei diritti di terzi.<\/p><p class=\"wp-block-paragraph\">4.2. Qualora i dati vengano trasferiti a partner situati al di fuori del Brasile, adotteremo le misure richieste dalla LGPD, tra cui la verifica di un adeguato livello di protezione o clausole contrattuali specifiche.<\/p><p class=\"wp-block-paragraph\">4.3. <strong>Non addestrare l&#039;IA con i dati degli utenti<\/strong>. requalify.ai non utilizza i contenuti caricati dagli Utenti per la formazione, il miglioramento o l&#039;incremento dei propri database di IA su larga scala, fatta eccezione per analisi occasionali delle prestazioni, sempre in forma anonima o pseudonimizzata, quando essenziali per il mantenimento del servizio.<\/p><h3 class=\"wp-block-paragraph\"><strong>5. Conservazione ed eliminazione dei dati<\/strong><\/h3><p class=\"wp-block-paragraph\">5.1. I dati personali saranno conservati per il tempo necessario al conseguimento delle finalit\u00e0 per le quali sono stati raccolti o per ottemperare ad obblighi di legge e regolamentari.<\/p><p class=\"wp-block-paragraph\">5.2. Dopo la conclusione del trattamento o su richiesta di cancellazione da parte dell&#039;Utente, requalify.ai potr\u00e0 conservare i dati archiviati per il periodo necessario ad ottemperare ad obblighi di legge o a preservare interessi legittimi, sempre in conformit\u00e0 alla LGPD.<\/p><p class=\"wp-block-paragraph\">5.3. Allo scadere del periodo di conservazione o al venir meno della base giuridica, i dati verranno cancellati in modo sicuro o resi anonimi in modo irreversibile.<\/p><h3 class=\"wp-block-paragraph\"><strong>6. Sicurezza delle informazioni<\/strong><\/h3><p class=\"wp-block-paragraph\">6.1. requalify.ai adotta misure di sicurezza tecniche e organizzative adeguate (ad esempio crittografia, protocolli di sicurezza, controllo degli accessi) per proteggere i dati da accessi non autorizzati, accidentali o illegali.<\/p><p class=\"wp-block-paragraph\">6.2. In caso di un incidente di sicurezza che possa comportare un rischio significativo o un danno per gli interessati, requalify.ai comunicher\u00e0 l&#039;incidente all&#039;Autorit\u00e0 nazionale per la protezione dei dati (ANPD) e agli interessati interessati, in conformit\u00e0 con la LGPD.<\/p><p class=\"wp-block-paragraph\">6.3. L&#039;Utente \u00e8 inoltre responsabile della sicurezza dei propri dispositivi e di non condividere le credenziali di accesso.<\/p><h3 class=\"wp-block-paragraph\"><strong>7. Diritti del Titolare<\/strong><\/h3><p class=\"wp-block-paragraph\">7.1. Come previsto dalla LGPD, il titolare dei dati personali ha il diritto di:<\/p><ul class=\"wp-block-list wp-block-list\"><li>Confermare l&#039;esistenza del trattamento e accedere ai propri dati personali trattati da requalify.ai;<\/li><li>Richiedere la correzione di dati incompleti, inesatti o obsoleti;<\/li><li>Richiedere l&#039;anonimizzazione, il blocco o la cancellazione dei dati non necessari o eccessivi;<\/li><li>Ottenere informazioni sulle entit\u00e0 con cui requalify.ai condivide i dati;<\/li><li>Richiedere la portabilit\u00e0 dei dati, ove applicabile;<\/li><li>Revoca i consensi precedentemente prestati;<\/li><li>Esercitare gli altri diritti previsti dalla normativa applicabile, in conformit\u00e0 agli aggiornamenti normativi della LGPD e dell&#039;ANPD.<\/li><\/ul><p class=\"wp-block-paragraph\">7.2. Per esercitare i propri diritti, l\u2019Utente potr\u00e0 contattarci in qualsiasi momento attraverso il canale predisposto. Faremo il possibile per rispondere entro un termine ragionevole e come richiesto dalla legge.<\/p><h3 class=\"wp-block-paragraph\"><strong>8. Responsabile del trattamento (RPD) e canale di contatto<\/strong><\/h3><p class=\"wp-block-paragraph\">8.1. requalify.ai ha un responsabile (DPO) incaricato di fungere da canale di comunicazione con i titolari e con l&#039;ANPD per le questioni relative alla presente Politica.<\/p><p class=\"wp-block-paragraph\">8.2. Per richieste, domande o reclami riguardanti i tuoi dati personali, l&#039;Utente pu\u00f2 contattarci tramite l&#039;indirizzo fornito sul sito web ufficiale requalify.ai.<\/p><h3 class=\"wp-block-paragraph\"><strong>9. Modifiche alla presente Politica<\/strong><\/h3><p class=\"wp-block-paragraph\">9.1. requalify.ai pu\u00f2 rivedere e aggiornare periodicamente la presente Politica per riflettere i cambiamenti legislativi o migliorare le misure di protezione dei dati.<\/p><p class=\"wp-block-paragraph\">9.2. In caso di modifiche sostanziali, l\u2019Utente verr\u00e0 avvisato attraverso i recapiti forniti o mediante un avviso sulla Piattaforma. L&#039;uso continuato dopo le modifiche costituir\u00e0 accettazione delle nuove disposizioni.<\/p><h3 class=\"wp-block-paragraph\"><strong>10. Legge applicabile e giurisdizione<\/strong><\/h3><p class=\"wp-block-paragraph\">10.1. La presente Politica \u00e8 regolata e interpretata in conformit\u00e0 alle leggi brasiliane. Eventuali controversie derivanti dalla presente Politica saranno sottoposte alla giurisdizione del distretto di <strong>Juiz de Fora \u2013 MG<\/strong>, sede centrale di requalify.ai, salvo diversa disposizione di legge.<\/p><h3 class=\"wp-block-paragraph\"><strong>11. Termine<\/strong><\/h3><p class=\"wp-block-paragraph\">11.1. La presente Politica entra in vigore alla data della sua pubblicazione sul sito web ufficiale requalify.ai e sostituisce le versioni precedenti.<\/p><h3 class=\"wp-block-paragraph\"><strong>12. Disposizioni finali<\/strong><\/h3><p class=\"wp-block-paragraph\">12.1. In caso di discrepanza tra la presente Informativa sulla privacy e le Condizioni d&#039;uso, prevarr\u00e0 la disposizione pi\u00f9 specifica in materia di privacy e protezione dei dati.<\/p><p class=\"wp-block-paragraph\">12.2. L&#039;eventuale invalidit\u00e0 di una qualsiasi clausola della presente Politica non invalida il resto del documento, che rimarr\u00e0 in vigore nei suoi altri termini.<\/p><p class=\"wp-block-paragraph\"><strong>La presente politica \u00e8 in vigore a partire dal 18 giugno 2023<\/strong><\/p><p class=\"wp-block-paragraph\">Per ulteriori informazioni o chiarimenti, non esitate a contattarci.<\/p><p class=\"wp-block-paragraph\"><strong>requalify.ai \u2013 Tutti i diritti riservati<\/strong><\/p>\t\t\t\t\t\t\t\t<\/div>\n\t\t\t\t<\/div>\n\t\t\t\t\t<\/div>\n\t\t\t\t<\/div>\n\t\t\t\t<\/div>","protected":false},"excerpt":{"rendered":"<p>Pol\u00edtica de privacidade Contact us 1. Introdu\u00e7\u00e3o e Compromisso com a Privacidade 1.1. A privacidade do Usu\u00e1rio \u00e9 importante para n\u00f3s. Esta Pol\u00edtica de Privacidade (\u201cPol\u00edtica\u201d) descreve como coletamos, usamos, armazenamos e protegemos dados pessoais relacionados ao uso do requalify.ai, em conformidade com a LGPD (Lei n\u00ba 13.709\/2018) e demais legisla\u00e7\u00f5es aplic\u00e1veis. 1.2. Coleta de [&hellip;]<\/p>","protected":false},"author":2,"featured_media":0,"parent":0,"menu_order":0,"comment_status":"closed","ping_status":"closed","template":"","meta":{"footnotes":""},"class_list":["post-3","page","type-page","status-publish","hentry"],"yoast_head":"<!-- This site is optimized with the Yoast SEO plugin v25.6 - https:\/\/yoast.com\/wordpress\/plugins\/seo\/ -->\n<title>Pol\u00edtica de privacidade - requalify<\/title>\n<meta name=\"robots\" content=\"index, follow, max-snippet:-1, max-image-preview:large, max-video-preview:-1\" \/>\n<link rel=\"canonical\" href=\"https:\/\/requalify.ai\/it\/privacy-statement\/\" \/>\n<meta property=\"og:locale\" content=\"it_IT\" \/>\n<meta property=\"og:type\" content=\"article\" \/>\n<meta property=\"og:title\" content=\"Pol\u00edtica de privacidade - requalify\" \/>\n<meta property=\"og:description\" content=\"Pol\u00edtica de privacidade Contact us 1. Introdu\u00e7\u00e3o e Compromisso com a Privacidade 1.1. A privacidade do Usu\u00e1rio \u00e9 importante para n\u00f3s. Esta Pol\u00edtica de Privacidade (\u201cPol\u00edtica\u201d) descreve como coletamos, usamos, armazenamos e protegemos dados pessoais relacionados ao uso do requalify.ai, em conformidade com a LGPD (Lei n\u00ba 13.709\/2018) e demais legisla\u00e7\u00f5es aplic\u00e1veis. 1.2. Coleta de [&hellip;]\" \/>\n<meta property=\"og:url\" content=\"https:\/\/requalify.ai\/it\/privacy-statement\/\" \/>\n<meta property=\"og:site_name\" content=\"requalify\" \/>\n<meta property=\"article:publisher\" content=\"https:\/\/www.facebook.com\/requalifyai\" \/>\n<meta property=\"article:modified_time\" content=\"2025-04-30T21:32:30+00:00\" \/>\n<meta name=\"twitter:card\" content=\"summary_large_image\" \/>\n<meta name=\"twitter:site\" content=\"@RequalifyAI\" \/>\n<meta name=\"twitter:label1\" content=\"Tempo di lettura stimato\" \/>\n\t<meta name=\"twitter:data1\" content=\"7 minuti\" \/>\n<script type=\"application\/ld+json\" class=\"yoast-schema-graph\">{\"@context\":\"https:\/\/schema.org\",\"@graph\":[{\"@type\":\"WebPage\",\"@id\":\"https:\/\/requalify.ai\/privacy-statement\/\",\"url\":\"https:\/\/requalify.ai\/privacy-statement\/\",\"name\":\"Pol\u00edtica de privacidade - requalify\",\"isPartOf\":{\"@id\":\"https:\/\/requalify.ai\/#website\"},\"datePublished\":\"2025-02-13T11:58:03+00:00\",\"dateModified\":\"2025-04-30T21:32:30+00:00\",\"breadcrumb\":{\"@id\":\"https:\/\/requalify.ai\/privacy-statement\/#breadcrumb\"},\"inLanguage\":\"it-IT\",\"potentialAction\":[{\"@type\":\"ReadAction\",\"target\":[\"https:\/\/requalify.ai\/privacy-statement\/\"]}]},{\"@type\":\"BreadcrumbList\",\"@id\":\"https:\/\/requalify.ai\/privacy-statement\/#breadcrumb\",\"itemListElement\":[{\"@type\":\"ListItem\",\"position\":1,\"name\":\"In\u00edcio\",\"item\":\"https:\/\/requalify.ai\/\"},{\"@type\":\"ListItem\",\"position\":2,\"name\":\"Pol\u00edtica de privacidade\"}]},{\"@type\":\"WebSite\",\"@id\":\"https:\/\/requalify.ai\/#website\",\"url\":\"https:\/\/requalify.ai\/\",\"name\":\"requalify\",\"description\":\"reiventando a pesquisa qualitativa\",\"publisher\":{\"@id\":\"https:\/\/requalify.ai\/#organization\"},\"alternateName\":\"requalify\",\"potentialAction\":[{\"@type\":\"SearchAction\",\"target\":{\"@type\":\"EntryPoint\",\"urlTemplate\":\"https:\/\/requalify.ai\/?s={search_term_string}\"},\"query-input\":{\"@type\":\"PropertyValueSpecification\",\"valueRequired\":true,\"valueName\":\"search_term_string\"}}],\"inLanguage\":\"it-IT\"},{\"@type\":\"Organization\",\"@id\":\"https:\/\/requalify.ai\/#organization\",\"name\":\"requalify\",\"alternateName\":\"requalify\",\"url\":\"https:\/\/requalify.ai\/\",\"logo\":{\"@type\":\"ImageObject\",\"inLanguage\":\"it-IT\",\"@id\":\"https:\/\/requalify.ai\/#\/schema\/logo\/image\/\",\"url\":\"https:\/\/requalify.ai\/wp-content\/uploads\/2025\/02\/requalify_fundo_claro.png\",\"contentUrl\":\"https:\/\/requalify.ai\/wp-content\/uploads\/2025\/02\/requalify_fundo_claro.png\",\"width\":800,\"height\":300,\"caption\":\"requalify\"},\"image\":{\"@id\":\"https:\/\/requalify.ai\/#\/schema\/logo\/image\/\"},\"sameAs\":[\"https:\/\/www.facebook.com\/requalifyai\",\"https:\/\/x.com\/RequalifyAI\",\"https:\/\/www.instagram.com\/requalify.ai\",\"https:\/\/www.tiktok.com\/@requalify.ai\",\"https:\/\/www.youtube.com\/channel\/UCGzFUsBPEvW06J0y9FGuruQ\"]}]}<\/script>\n<!-- \/ Yoast SEO plugin. -->","yoast_head_json":{"title":"Pol\u00edtica de privacidade - requalify","robots":{"index":"index","follow":"follow","max-snippet":"max-snippet:-1","max-image-preview":"max-image-preview:large","max-video-preview":"max-video-preview:-1"},"canonical":"https:\/\/requalify.ai\/it\/privacy-statement\/","og_locale":"it_IT","og_type":"article","og_title":"Pol\u00edtica de privacidade - requalify","og_description":"Pol\u00edtica de privacidade Contact us 1. Introdu\u00e7\u00e3o e Compromisso com a Privacidade 1.1. A privacidade do Usu\u00e1rio \u00e9 importante para n\u00f3s. Esta Pol\u00edtica de Privacidade (\u201cPol\u00edtica\u201d) descreve como coletamos, usamos, armazenamos e protegemos dados pessoais relacionados ao uso do requalify.ai, em conformidade com a LGPD (Lei n\u00ba 13.709\/2018) e demais legisla\u00e7\u00f5es aplic\u00e1veis. 1.2. Coleta de [&hellip;]","og_url":"https:\/\/requalify.ai\/it\/privacy-statement\/","og_site_name":"requalify","article_publisher":"https:\/\/www.facebook.com\/requalifyai","article_modified_time":"2025-04-30T21:32:30+00:00","twitter_card":"summary_large_image","twitter_site":"@RequalifyAI","twitter_misc":{"Tempo di lettura stimato":"7 minuti"},"schema":{"@context":"https:\/\/schema.org","@graph":[{"@type":"WebPage","@id":"https:\/\/requalify.ai\/privacy-statement\/","url":"https:\/\/requalify.ai\/privacy-statement\/","name":"Pol\u00edtica de privacidade - requalify","isPartOf":{"@id":"https:\/\/requalify.ai\/#website"},"datePublished":"2025-02-13T11:58:03+00:00","dateModified":"2025-04-30T21:32:30+00:00","breadcrumb":{"@id":"https:\/\/requalify.ai\/privacy-statement\/#breadcrumb"},"inLanguage":"it-IT","potentialAction":[{"@type":"ReadAction","target":["https:\/\/requalify.ai\/privacy-statement\/"]}]},{"@type":"BreadcrumbList","@id":"https:\/\/requalify.ai\/privacy-statement\/#breadcrumb","itemListElement":[{"@type":"ListItem","position":1,"name":"In\u00edcio","item":"https:\/\/requalify.ai\/"},{"@type":"ListItem","position":2,"name":"Pol\u00edtica de privacidade"}]},{"@type":"WebSite","@id":"https:\/\/requalify.ai\/#website","url":"https:\/\/requalify.ai\/","name":"requalify","description":"reiventando a pesquisa qualitativa","publisher":{"@id":"https:\/\/requalify.ai\/#organization"},"alternateName":"requalify","potentialAction":[{"@type":"SearchAction","target":{"@type":"EntryPoint","urlTemplate":"https:\/\/requalify.ai\/?s={search_term_string}"},"query-input":{"@type":"PropertyValueSpecification","valueRequired":true,"valueName":"search_term_string"}}],"inLanguage":"it-IT"},{"@type":"Organization","@id":"https:\/\/requalify.ai\/#organization","name":"requalify","alternateName":"requalify","url":"https:\/\/requalify.ai\/","logo":{"@type":"ImageObject","inLanguage":"it-IT","@id":"https:\/\/requalify.ai\/#\/schema\/logo\/image\/","url":"https:\/\/requalify.ai\/wp-content\/uploads\/2025\/02\/requalify_fundo_claro.png","contentUrl":"https:\/\/requalify.ai\/wp-content\/uploads\/2025\/02\/requalify_fundo_claro.png","width":800,"height":300,"caption":"requalify"},"image":{"@id":"https:\/\/requalify.ai\/#\/schema\/logo\/image\/"},"sameAs":["https:\/\/www.facebook.com\/requalifyai","https:\/\/x.com\/RequalifyAI","https:\/\/www.instagram.com\/requalify.ai","https:\/\/www.tiktok.com\/@requalify.ai","https:\/\/www.youtube.com\/channel\/UCGzFUsBPEvW06J0y9FGuruQ"]}]}},"_links":{"self":[{"href":"https:\/\/requalify.ai\/it\/wp-json\/wp\/v2\/pages\/3","targetHints":{"allow":["GET"]}}],"collection":[{"href":"https:\/\/requalify.ai\/it\/wp-json\/wp\/v2\/pages"}],"about":[{"href":"https:\/\/requalify.ai\/it\/wp-json\/wp\/v2\/types\/page"}],"author":[{"embeddable":true,"href":"https:\/\/requalify.ai\/it\/wp-json\/wp\/v2\/users\/2"}],"replies":[{"embeddable":true,"href":"https:\/\/requalify.ai\/it\/wp-json\/wp\/v2\/comments?post=3"}],"version-history":[{"count":9,"href":"https:\/\/requalify.ai\/it\/wp-json\/wp\/v2\/pages\/3\/revisions"}],"predecessor-version":[{"id":1451,"href":"https:\/\/requalify.ai\/it\/wp-json\/wp\/v2\/pages\/3\/revisions\/1451"}],"wp:attachment":[{"href":"https:\/\/requalify.ai\/it\/wp-json\/wp\/v2\/media?parent=3"}],"curies":[{"name":"wp","href":"https:\/\/api.w.org\/{rel}","templated":true}]}}