{"id":525,"date":"2025-02-28T15:37:29","date_gmt":"2025-02-28T18:37:29","guid":{"rendered":"https:\/\/test.evakub.com\/?page_id=525"},"modified":"2025-04-30T18:33:00","modified_gmt":"2025-04-30T21:33:00","slug":"terms-and-conditions","status":"publish","type":"page","link":"https:\/\/requalify.ai\/it\/terms-and-conditions\/","title":{"rendered":"Termini e Condizioni"},"content":{"rendered":"<div data-elementor-type=\"wp-page\" data-elementor-id=\"525\" class=\"elementor elementor-525\" data-elementor-post-type=\"page\">\n\t\t\t\t<div class=\"elementor-element elementor-element-26c54d91 e-flex e-con-boxed e-con e-parent\" data-id=\"26c54d91\" data-element_type=\"container\" data-settings=\"{&quot;background_background&quot;:&quot;classic&quot;}\">\n\t\t\t\t\t<div class=\"e-con-inner\">\n\t\t\t\t<div class=\"elementor-element elementor-element-7d459081 elementor-widget elementor-widget-heading\" data-id=\"7d459081\" data-element_type=\"widget\" data-widget_type=\"heading.default\">\n\t\t\t\t<div class=\"elementor-widget-container\">\n\t\t\t\t\t<h1 class=\"elementor-heading-title elementor-size-default\">Termini e Condizioni<\/h1>\t\t\t\t<\/div>\n\t\t\t\t<\/div>\n\t\t\t\t<div class=\"elementor-element elementor-element-74772e99 elementor-align-center elementor-hidden-desktop elementor-hidden-tablet elementor-hidden-mobile elementor-widget elementor-widget-button\" data-id=\"74772e99\" data-element_type=\"widget\" data-widget_type=\"button.default\">\n\t\t\t\t<div class=\"elementor-widget-container\">\n\t\t\t\t\t\t\t\t\t<div class=\"elementor-button-wrapper\">\n\t\t\t\t\t<a class=\"elementor-button elementor-size-sm\" role=\"button\">\n\t\t\t\t\t\t<span class=\"elementor-button-content-wrapper\">\n\t\t\t\t\t\t\t\t\t<span class=\"elementor-button-text\">Contattaci<\/span>\n\t\t\t\t\t<\/span>\n\t\t\t\t\t<\/a>\n\t\t\t\t<\/div>\n\t\t\t\t\t\t\t\t<\/div>\n\t\t\t\t<\/div>\n\t\t\t\t\t<\/div>\n\t\t\t\t<\/div>\n\t\t<div class=\"elementor-element elementor-element-13960d4 e-con-full e-flex e-con e-parent\" data-id=\"13960d4\" data-element_type=\"container\">\n\t\t\t\t<div class=\"elementor-element elementor-element-eb94606 elementor-widget elementor-widget-text-editor\" data-id=\"eb94606\" data-element_type=\"widget\" data-widget_type=\"text-editor.default\">\n\t\t\t\t<div class=\"elementor-widget-container\">\n\t\t\t\t\t\t\t\t\t<h3 class=\"wp-block-paragraph\"><strong>1. Accettazione dei Termini<\/strong><\/h3><p class=\"wp-block-paragraph\">1.1. Accedendo o utilizzando il sito web e la piattaforma requalify.ai (di seguito, \u201c<strong>riqualificare.ai<\/strong>&quot; O &quot;<strong>Piattaforma<\/strong>\u201d), l\u2019utente (\u201c<strong>Utente<\/strong>\u201d) dichiara di aver letto, compreso e accettato le presenti Condizioni d\u2019Uso e Condizioni Generali (\u201c<strong>Termini<\/strong>\u201d). Se non sei d&#039;accordo con una qualsiasi delle disposizioni qui presentate, l&#039;Utente <strong>NO<\/strong> \u00e8 autorizzato ad accedere o utilizzare la Piattaforma.<\/p><p class=\"wp-block-paragraph\">1.2. I presenti Termini sono conformi alla legislazione applicabile, inclusa, a titolo esemplificativo ma non esaustivo, la Legge n. 13.709\/2018 (Legge generale sulla protezione dei dati personali \u2013 \u201c<strong>LGPD<\/strong>\u201d), il Quadro normativo sui diritti civili di Internet (Legge n. 12.965\/2014), le norme sul diritto d&#039;autore (Legge n. 9.610\/1998) e, <strong>in caso di trattamento di dati sanitari o di ricerca sugli esseri umani, l&#039;Utente \u00e8 tenuto a rispettare anche gli standard etici e legali del Consiglio Nazionale della Sanit\u00e0 (CNS), in particolare la Risoluzione n. 466\/2012 e altre normative pertinenti.<\/strong>.<\/p><h3 class=\"wp-block-paragraph\"><strong>2. Oggetto<\/strong><\/h3><p class=\"wp-block-paragraph\">2.1. requalify.ai \u00e8 una piattaforma SaaS (Software as a Service) che fornisce strumenti di analisi, elaborazione di documenti e intelligenza artificiale, consentendo di estrarre informazioni dai dati e dai documenti forniti dagli Utenti.<\/p><p class=\"wp-block-paragraph\">2.2. Il presente strumento stabilisce le condizioni per l&#039;utilizzo del <strong>riqualificare.ai<\/strong>, nonch\u00e9 per l\u2019interazione dell\u2019Utente con i servizi offerti sulla Piattaforma.<\/p><p class=\"wp-block-paragraph\"><strong>2.3. Esclusioni e limitazioni specifiche \u2013 Dati sanitari e di ricerca:<\/strong><\/p><p class=\"wp-block-paragraph\">a) Quando l&#039;Utente utilizza la Piattaforma per elaborare dati sanitari o informazioni potenzialmente correlate alla ricerca che coinvolge esseri umani, \u00e8 esclusiva responsabilit\u00e0 dell&#039;Utente garantire che ci\u00f2 disponga di una base giuridica e di autorizzazioni adeguate, come il consenso esplicito dei titolari o l&#039;approvazione dei Comitati etici per la ricerca (CEP) o delle Commissioni etiche, quando richiesto dagli standard del CNS.<\/p><p class=\"wp-block-paragraph\">b) riqualificare.ai <strong>NO<\/strong> non \u00e8 responsabile degli obblighi etici e legali del protocollo di ricerca, n\u00e9 dei termini del consenso informato che l&#039;Utente deve ottenere dai suoi partecipanti\/pazienti.<\/p><h3 class=\"wp-block-paragraph\"><strong>3. Licenza d&#039;uso<\/strong><\/h3><p class=\"wp-block-paragraph\">3.1. All&#039;Utente viene concessa una licenza limitata, personale, non trasferibile e non esclusiva per accedere e utilizzare requalify.ai, esclusivamente per scopi personali o professionali legittimi, in conformit\u00e0 con la modalit\u00e0 contrattuale o di utilizzo consentita dalla Piattaforma.<\/p><p class=\"wp-block-paragraph\">3.2. La presente licenza non implica alcun trasferimento della propriet\u00e0 del software o dei contenuti all&#039;Utente. L&#039;Utente non acquisisce alcun diritto di sfruttare, ridistribuire o riprodurre pubblicamente i contenuti messi a disposizione dalla Piattaforma, salvo espressa autorizzazione.<\/p><p class=\"wp-block-paragraph\">3.3. <strong>Restrizioni<\/strong>. All&#039;Utente \u00e8 vietato, tra le altre pratiche:<\/p><p class=\"wp-block-paragraph\">a) Modificare, copiare, tradurre, adattare, concedere in sublicenza, vendere o in qualunque modo sfruttare commercialmente la Piattaforma o i materiali in essa contenuti;<\/p><p class=\"wp-block-paragraph\">b) Tentare di decompilare, effettuare reverse engineering, estrarre il codice sorgente o qualsiasi atto simile in relazione al software requalify.ai;<\/p><p class=\"wp-block-paragraph\">c) Rimuovere gli avvisi di copyright, i marchi commerciali o qualsiasi altro avviso di propriet\u00e0 intellettuale contenuti nella Piattaforma;<\/p><p class=\"wp-block-paragraph\">d) Condividere o trasferire le tue credenziali di accesso a terzi o consentire l&#039;utilizzo del tuo account, salvo previa ed espressa autorizzazione di requalify.ai.<\/p><p class=\"wp-block-paragraph\">3.4. La violazione di una qualsiasi delle restrizioni stabilite nei presenti Termini comporter\u00e0 l&#039;immediata risoluzione della licenza concessa, fatte salve eventuali responsabilit\u00e0 applicabili.<\/p><h3 class=\"wp-block-paragraph\"><strong>4. Esclusioni di responsabilit\u00e0 e garanzia<\/strong><\/h3><p class=\"wp-block-paragraph\">4.1. requalify.ai fa tutto il possibile per mantenere la Piattaforma pienamente operativa, ma non garantisce che il servizio sar\u00e0 ininterrotto o privo di errori.<\/p><p class=\"wp-block-paragraph\">4.2. <strong>Disponibilit\u00e0 e \u201ccos\u00ec com\u2019\u00e8\u201d<\/strong>. requalify.ai \u00e8 fornito \u201c<strong>Come stai<\/strong>&quot; E &quot;<strong>come disponibile<\/strong>\u201d. Non vi sono garanzie, espresse o implicite, di idoneit\u00e0 per uno scopo particolare, di prestazione o di non violazione di diritti di terzi.<\/p><p class=\"wp-block-paragraph\">4.3. <strong>Limitazione di responsabilit\u00e0<\/strong>. Nella misura massima consentita dalla legge, requalify.ai e i suoi fornitori non saranno responsabili per eventuali danni indiretti, speciali, incidentali o consequenziali derivanti dall&#039;uso o dall&#039;impossibilit\u00e0 di utilizzare la Piattaforma, inclusi perdita di dati, mancati profitti o interruzione dell&#039;attivit\u00e0.<\/p><p class=\"wp-block-paragraph\">4.4. <strong>Contenuti e link di terze parti<\/strong>. La Piattaforma potrebbe contenere link a siti web di terze parti non gestiti da requalify.ai. L&#039;inclusione di qualsiasi collegamento non implica l&#039;approvazione o la garanzia di accuratezza e l&#039;accesso a tali contenuti \u00e8 di esclusiva responsabilit\u00e0 dell&#039;Utente.<\/p><p class=\"wp-block-paragraph\">4.5. <strong>Dati e ricerca sulla salute<\/strong>. requalify.ai non \u00e8 responsabile dei processi di ricerca, delle metodologie cliniche o della gestione dei dati sanitari sensibili inseriti dall&#039;Utente, il quale \u00e8 l&#039;unico responsabile per eventuali violazioni della riservatezza, del consenso o condotte non conformi all&#039;etica della ricerca.<\/p><p class=\"wp-block-paragraph\">4.6. <strong>Limitazione dell&#039;importo della responsabilit\u00e0<\/strong>. In nessun caso requalify.ai potr\u00e0 essere ritenuta responsabile per eventuali danni derivanti dai presenti Termini. <strong>superer\u00e0 l&#039;importo effettivamente versato dall&#039;Utente alla Piattaforma nei 3 (tre) mesi precedenti l&#039;evento che ha dato origine al reclamo<\/strong>.<\/p><h3 class=\"wp-block-paragraph\"><strong>5. Contenuto inviato dall&#039;utente<\/strong><\/h3><p class=\"wp-block-paragraph\">5.1. L&#039;Utente si assume la piena responsabilit\u00e0 dei contenuti (testi, documenti, video, audio, immagini o qualsiasi altro materiale) che inserisce o carica sulla Piattaforma.<\/p><p class=\"wp-block-paragraph\">5.2. L&#039;Utente dichiara e garantisce di disporre dei diritti o delle autorizzazioni necessarie per inviare tali contenuti, esonerando requalify.ai da qualsiasi responsabilit\u00e0 in caso di rivendicazioni di terzi per uso improprio dei diritti d&#039;autore o di propriet\u00e0 intellettuale.<\/p><p class=\"wp-block-paragraph\"><strong>5.3. Divieto di utilizzo per la formazione sull&#039;intelligenza artificiale<\/strong>. L&#039;Utente riconosce che:<\/p><p class=\"wp-block-paragraph\">\u2022 riqualificare.ai <strong>NO<\/strong> utilizza i dati caricati o generati dall&#039;Utente per addestrare modelli di intelligenza artificiale in modo generalizzato;<\/p><p class=\"wp-block-paragraph\">\u2022 I dati vengono elaborati solo per le finalit\u00e0 specifiche richieste dall&#039;Utente (ad esempio: generare analisi, approfondimenti) e archiviati come stabilito nell&#039;Informativa sulla privacy, senza arricchire i database di intelligenza artificiale su larga scala.<\/p><h3 class=\"wp-block-paragraph\"><strong>6. Aggiornamenti e modifiche<\/strong><\/h3><p class=\"wp-block-paragraph\">6.1. requalify.ai pu\u00f2, in qualsiasi momento e senza preavviso, modificare, eliminare o aggiungere funzionalit\u00e0 alla Piattaforma, principalmente allo scopo di apportare miglioramenti e aggiornamenti.<\/p><p class=\"wp-block-paragraph\">6.2. requalify.ai pu\u00f2 modificare i presenti Termini in qualsiasi momento pubblicandone una versione aggiornata. L&#039;uso continuato della Piattaforma dopo la pubblicazione delle modifiche implicher\u00e0 l&#039;accettazione delle stesse.<\/p><h3 class=\"wp-block-paragraph\"><strong>7. Legge applicabile e giurisdizione<\/strong><\/h3><p class=\"wp-block-paragraph\">7.1. Le presenti Condizioni sono regolate dalle leggi brasiliane, in particolare dalla legislazione applicabile in materia di protezione dei dati, commercio elettronico e normativa CNS, ove applicabile.<\/p><p class=\"wp-block-paragraph\">7.2. Eventuali conflitti saranno risolti nella giurisdizione del distretto di Juiz de Fora \u2013 MG, sede centrale di requalify.ai, a meno che non vi sia una disposizione di legge che stabilisca una giurisdizione diversa.<\/p><h3 class=\"wp-block-paragraph\"><strong>8. Disposizioni finali<\/strong><\/h3><p class=\"wp-block-paragraph\">8.1. Se una qualsiasi disposizione delle presenti Condizioni dovesse essere ritenuta non valida o inapplicabile, le restanti disposizioni rimarranno pienamente valide ed efficaci.<\/p><p class=\"wp-block-paragraph\">8.2. Il mancato esercizio di un qualsiasi diritto o disposizione dei presenti Termini non implica una rinuncia allo stesso.<\/p><p class=\"wp-block-paragraph\">8.3. Domande o richieste derivanti dai presenti Termini possono essere indirizzate al canale di contatto indicato sul sito web ufficiale requalify.ai.<\/p>\t\t\t\t\t\t\t\t<\/div>\n\t\t\t\t<\/div>\n\t\t\t\t<\/div>\n\t\t\t\t<\/div>","protected":false},"excerpt":{"rendered":"<p>Termos e Condi\u00e7\u00f5es Contact us 1. Aceita\u00e7\u00e3o dos Termos 1.1. Ao acessar ou utilizar o site e a plataforma requalify.ai (doravante, \u201crequalify.ai\u201d ou \u201cPlataforma\u201d), o usu\u00e1rio (\u201cUsu\u00e1rio\u201d) declara ter lido, entendido e concordado com estes Termos de Uso e Condi\u00e7\u00f5es Gerais (\u201cTermos\u201d). Se n\u00e3o concordar com alguma das disposi\u00e7\u00f5es aqui apresentadas, o Usu\u00e1rio n\u00e3o est\u00e1 [&hellip;]<\/p>","protected":false},"author":2,"featured_media":0,"parent":0,"menu_order":0,"comment_status":"closed","ping_status":"closed","template":"","meta":{"footnotes":""},"class_list":["post-525","page","type-page","status-publish","hentry"],"yoast_head":"<!-- This site is optimized with the Yoast SEO plugin v25.6 - https:\/\/yoast.com\/wordpress\/plugins\/seo\/ -->\n<title>Termos e Condi\u00e7\u00f5es - requalify<\/title>\n<meta name=\"robots\" content=\"index, follow, max-snippet:-1, max-image-preview:large, max-video-preview:-1\" \/>\n<link rel=\"canonical\" href=\"https:\/\/requalify.ai\/it\/terms-and-conditions\/\" \/>\n<meta property=\"og:locale\" content=\"it_IT\" \/>\n<meta property=\"og:type\" content=\"article\" \/>\n<meta property=\"og:title\" content=\"Termos e Condi\u00e7\u00f5es - requalify\" \/>\n<meta property=\"og:description\" content=\"Termos e Condi\u00e7\u00f5es Contact us 1. Aceita\u00e7\u00e3o dos Termos 1.1. Ao acessar ou utilizar o site e a plataforma requalify.ai (doravante, \u201crequalify.ai\u201d ou \u201cPlataforma\u201d), o usu\u00e1rio (\u201cUsu\u00e1rio\u201d) declara ter lido, entendido e concordado com estes Termos de Uso e Condi\u00e7\u00f5es Gerais (\u201cTermos\u201d). Se n\u00e3o concordar com alguma das disposi\u00e7\u00f5es aqui apresentadas, o Usu\u00e1rio n\u00e3o est\u00e1 [&hellip;]\" \/>\n<meta property=\"og:url\" content=\"https:\/\/requalify.ai\/it\/terms-and-conditions\/\" \/>\n<meta property=\"og:site_name\" content=\"requalify\" \/>\n<meta property=\"article:publisher\" content=\"https:\/\/www.facebook.com\/requalifyai\" \/>\n<meta property=\"article:modified_time\" content=\"2025-04-30T21:33:00+00:00\" \/>\n<meta name=\"twitter:card\" content=\"summary_large_image\" \/>\n<meta name=\"twitter:site\" content=\"@RequalifyAI\" \/>\n<meta name=\"twitter:label1\" content=\"Tempo di lettura stimato\" \/>\n\t<meta name=\"twitter:data1\" content=\"6 minuti\" \/>\n<script type=\"application\/ld+json\" class=\"yoast-schema-graph\">{\"@context\":\"https:\/\/schema.org\",\"@graph\":[{\"@type\":\"WebPage\",\"@id\":\"https:\/\/requalify.ai\/terms-and-conditions\/\",\"url\":\"https:\/\/requalify.ai\/terms-and-conditions\/\",\"name\":\"Termos e Condi\u00e7\u00f5es - requalify\",\"isPartOf\":{\"@id\":\"https:\/\/requalify.ai\/#website\"},\"datePublished\":\"2025-02-28T18:37:29+00:00\",\"dateModified\":\"2025-04-30T21:33:00+00:00\",\"breadcrumb\":{\"@id\":\"https:\/\/requalify.ai\/terms-and-conditions\/#breadcrumb\"},\"inLanguage\":\"it-IT\",\"potentialAction\":[{\"@type\":\"ReadAction\",\"target\":[\"https:\/\/requalify.ai\/terms-and-conditions\/\"]}]},{\"@type\":\"BreadcrumbList\",\"@id\":\"https:\/\/requalify.ai\/terms-and-conditions\/#breadcrumb\",\"itemListElement\":[{\"@type\":\"ListItem\",\"position\":1,\"name\":\"In\u00edcio\",\"item\":\"https:\/\/requalify.ai\/\"},{\"@type\":\"ListItem\",\"position\":2,\"name\":\"Termos e Condi\u00e7\u00f5es\"}]},{\"@type\":\"WebSite\",\"@id\":\"https:\/\/requalify.ai\/#website\",\"url\":\"https:\/\/requalify.ai\/\",\"name\":\"requalify\",\"description\":\"reiventando a pesquisa qualitativa\",\"publisher\":{\"@id\":\"https:\/\/requalify.ai\/#organization\"},\"alternateName\":\"requalify\",\"potentialAction\":[{\"@type\":\"SearchAction\",\"target\":{\"@type\":\"EntryPoint\",\"urlTemplate\":\"https:\/\/requalify.ai\/?s={search_term_string}\"},\"query-input\":{\"@type\":\"PropertyValueSpecification\",\"valueRequired\":true,\"valueName\":\"search_term_string\"}}],\"inLanguage\":\"it-IT\"},{\"@type\":\"Organization\",\"@id\":\"https:\/\/requalify.ai\/#organization\",\"name\":\"requalify\",\"alternateName\":\"requalify\",\"url\":\"https:\/\/requalify.ai\/\",\"logo\":{\"@type\":\"ImageObject\",\"inLanguage\":\"it-IT\",\"@id\":\"https:\/\/requalify.ai\/#\/schema\/logo\/image\/\",\"url\":\"https:\/\/requalify.ai\/wp-content\/uploads\/2025\/02\/requalify_fundo_claro.png\",\"contentUrl\":\"https:\/\/requalify.ai\/wp-content\/uploads\/2025\/02\/requalify_fundo_claro.png\",\"width\":800,\"height\":300,\"caption\":\"requalify\"},\"image\":{\"@id\":\"https:\/\/requalify.ai\/#\/schema\/logo\/image\/\"},\"sameAs\":[\"https:\/\/www.facebook.com\/requalifyai\",\"https:\/\/x.com\/RequalifyAI\",\"https:\/\/www.instagram.com\/requalify.ai\",\"https:\/\/www.tiktok.com\/@requalify.ai\",\"https:\/\/www.youtube.com\/channel\/UCGzFUsBPEvW06J0y9FGuruQ\"]}]}<\/script>\n<!-- \/ Yoast SEO plugin. -->","yoast_head_json":{"title":"Termos e Condi\u00e7\u00f5es - requalify","robots":{"index":"index","follow":"follow","max-snippet":"max-snippet:-1","max-image-preview":"max-image-preview:large","max-video-preview":"max-video-preview:-1"},"canonical":"https:\/\/requalify.ai\/it\/terms-and-conditions\/","og_locale":"it_IT","og_type":"article","og_title":"Termos e Condi\u00e7\u00f5es - requalify","og_description":"Termos e Condi\u00e7\u00f5es Contact us 1. Aceita\u00e7\u00e3o dos Termos 1.1. Ao acessar ou utilizar o site e a plataforma requalify.ai (doravante, \u201crequalify.ai\u201d ou \u201cPlataforma\u201d), o usu\u00e1rio (\u201cUsu\u00e1rio\u201d) declara ter lido, entendido e concordado com estes Termos de Uso e Condi\u00e7\u00f5es Gerais (\u201cTermos\u201d). Se n\u00e3o concordar com alguma das disposi\u00e7\u00f5es aqui apresentadas, o Usu\u00e1rio n\u00e3o est\u00e1 [&hellip;]","og_url":"https:\/\/requalify.ai\/it\/terms-and-conditions\/","og_site_name":"requalify","article_publisher":"https:\/\/www.facebook.com\/requalifyai","article_modified_time":"2025-04-30T21:33:00+00:00","twitter_card":"summary_large_image","twitter_site":"@RequalifyAI","twitter_misc":{"Tempo di lettura stimato":"6 minuti"},"schema":{"@context":"https:\/\/schema.org","@graph":[{"@type":"WebPage","@id":"https:\/\/requalify.ai\/terms-and-conditions\/","url":"https:\/\/requalify.ai\/terms-and-conditions\/","name":"Termos e Condi\u00e7\u00f5es - requalify","isPartOf":{"@id":"https:\/\/requalify.ai\/#website"},"datePublished":"2025-02-28T18:37:29+00:00","dateModified":"2025-04-30T21:33:00+00:00","breadcrumb":{"@id":"https:\/\/requalify.ai\/terms-and-conditions\/#breadcrumb"},"inLanguage":"it-IT","potentialAction":[{"@type":"ReadAction","target":["https:\/\/requalify.ai\/terms-and-conditions\/"]}]},{"@type":"BreadcrumbList","@id":"https:\/\/requalify.ai\/terms-and-conditions\/#breadcrumb","itemListElement":[{"@type":"ListItem","position":1,"name":"In\u00edcio","item":"https:\/\/requalify.ai\/"},{"@type":"ListItem","position":2,"name":"Termos e Condi\u00e7\u00f5es"}]},{"@type":"WebSite","@id":"https:\/\/requalify.ai\/#website","url":"https:\/\/requalify.ai\/","name":"requalify","description":"reiventando a pesquisa qualitativa","publisher":{"@id":"https:\/\/requalify.ai\/#organization"},"alternateName":"requalify","potentialAction":[{"@type":"SearchAction","target":{"@type":"EntryPoint","urlTemplate":"https:\/\/requalify.ai\/?s={search_term_string}"},"query-input":{"@type":"PropertyValueSpecification","valueRequired":true,"valueName":"search_term_string"}}],"inLanguage":"it-IT"},{"@type":"Organization","@id":"https:\/\/requalify.ai\/#organization","name":"requalify","alternateName":"requalify","url":"https:\/\/requalify.ai\/","logo":{"@type":"ImageObject","inLanguage":"it-IT","@id":"https:\/\/requalify.ai\/#\/schema\/logo\/image\/","url":"https:\/\/requalify.ai\/wp-content\/uploads\/2025\/02\/requalify_fundo_claro.png","contentUrl":"https:\/\/requalify.ai\/wp-content\/uploads\/2025\/02\/requalify_fundo_claro.png","width":800,"height":300,"caption":"requalify"},"image":{"@id":"https:\/\/requalify.ai\/#\/schema\/logo\/image\/"},"sameAs":["https:\/\/www.facebook.com\/requalifyai","https:\/\/x.com\/RequalifyAI","https:\/\/www.instagram.com\/requalify.ai","https:\/\/www.tiktok.com\/@requalify.ai","https:\/\/www.youtube.com\/channel\/UCGzFUsBPEvW06J0y9FGuruQ"]}]}},"_links":{"self":[{"href":"https:\/\/requalify.ai\/it\/wp-json\/wp\/v2\/pages\/525","targetHints":{"allow":["GET"]}}],"collection":[{"href":"https:\/\/requalify.ai\/it\/wp-json\/wp\/v2\/pages"}],"about":[{"href":"https:\/\/requalify.ai\/it\/wp-json\/wp\/v2\/types\/page"}],"author":[{"embeddable":true,"href":"https:\/\/requalify.ai\/it\/wp-json\/wp\/v2\/users\/2"}],"replies":[{"embeddable":true,"href":"https:\/\/requalify.ai\/it\/wp-json\/wp\/v2\/comments?post=525"}],"version-history":[{"count":9,"href":"https:\/\/requalify.ai\/it\/wp-json\/wp\/v2\/pages\/525\/revisions"}],"predecessor-version":[{"id":939,"href":"https:\/\/requalify.ai\/it\/wp-json\/wp\/v2\/pages\/525\/revisions\/939"}],"wp:attachment":[{"href":"https:\/\/requalify.ai\/it\/wp-json\/wp\/v2\/media?parent=525"}],"curies":[{"name":"wp","href":"https:\/\/api.w.org\/{rel}","templated":true}]}}