{"id":3,"date":"2025-02-13T08:58:03","date_gmt":"2025-02-13T11:58:03","guid":{"rendered":"https:\/\/test.evakub.com\/?page_id=3"},"modified":"2025-04-30T18:32:30","modified_gmt":"2025-04-30T21:32:30","slug":"privacy-statement","status":"publish","type":"page","link":"https:\/\/requalify.ai\/zh\/privacy-statement\/","title":{"rendered":"\u9690\u79c1\u653f\u7b56"},"content":{"rendered":"<div data-elementor-type=\"wp-page\" data-elementor-id=\"3\" class=\"elementor elementor-3\" data-elementor-post-type=\"page\">\n\t\t\t\t<div class=\"elementor-element elementor-element-b7c5c35 e-flex e-con-boxed e-con e-parent\" data-id=\"b7c5c35\" data-element_type=\"container\" data-settings=\"{&quot;background_background&quot;:&quot;classic&quot;}\">\n\t\t\t\t\t<div class=\"e-con-inner\">\n\t\t\t\t<div class=\"elementor-element elementor-element-30e02a3d elementor-widget elementor-widget-heading\" data-id=\"30e02a3d\" data-element_type=\"widget\" data-widget_type=\"heading.default\">\n\t\t\t\t<div class=\"elementor-widget-container\">\n\t\t\t\t\t<h1 class=\"elementor-heading-title elementor-size-default\">\u9690\u79c1\u653f\u7b56<\/h1>\t\t\t\t<\/div>\n\t\t\t\t<\/div>\n\t\t\t\t<div class=\"elementor-element elementor-element-47c588d7 elementor-align-center elementor-hidden-desktop elementor-hidden-tablet elementor-hidden-mobile elementor-widget elementor-widget-button\" data-id=\"47c588d7\" data-element_type=\"widget\" data-widget_type=\"button.default\">\n\t\t\t\t<div class=\"elementor-widget-container\">\n\t\t\t\t\t\t\t\t\t<div class=\"elementor-button-wrapper\">\n\t\t\t\t\t<a class=\"elementor-button elementor-size-sm\" role=\"button\">\n\t\t\t\t\t\t<span class=\"elementor-button-content-wrapper\">\n\t\t\t\t\t\t\t\t\t<span class=\"elementor-button-text\">\u8054\u7cfb\u6211\u4eec<\/span>\n\t\t\t\t\t<\/span>\n\t\t\t\t\t<\/a>\n\t\t\t\t<\/div>\n\t\t\t\t\t\t\t\t<\/div>\n\t\t\t\t<\/div>\n\t\t\t\t\t<\/div>\n\t\t\t\t<\/div>\n\t\t<div class=\"elementor-element elementor-element-186c9bf e-flex e-con-boxed e-con e-parent\" data-id=\"186c9bf\" data-element_type=\"container\">\n\t\t\t\t\t<div class=\"e-con-inner\">\n\t\t\t\t<div class=\"elementor-element elementor-element-4f6bbea8 elementor-widget elementor-widget-text-editor\" data-id=\"4f6bbea8\" data-element_type=\"widget\" data-widget_type=\"text-editor.default\">\n\t\t\t\t<div class=\"elementor-widget-container\">\n\t\t\t\t\t\t\t\t\t<h3 class=\"wp-block-paragraph\"><strong>1. \u9690\u79c1\u4ecb\u7ecd\u548c\u627f\u8bfa<\/strong><\/h3><p class=\"wp-block-paragraph\">1.1.\u7528\u6237\u9690\u79c1\u5bf9\u6211\u4eec\u5f88\u91cd\u8981\u3002\u672c\u9690\u79c1\u653f\u7b56\uff08\u201c<strong>\u653f\u7b56<\/strong>\u201d\uff09\u63cf\u8ff0\u4e86\u6211\u4eec\u5982\u4f55\u6536\u96c6\u3001\u4f7f\u7528\u3001\u5b58\u50a8\u548c\u4fdd\u62a4\u4e0e\u4f7f\u7528 requalify.ai \u76f8\u5173\u7684\u4e2a\u4eba\u6570\u636e\uff0c\u5e76\u9075\u5b88 LGPD\uff08\u6cd5\u5f8b\u7f16\u53f7 13,709\/2018\uff09\u548c\u5176\u4ed6\u9002\u7528\u6cd5\u5f8b\u3002<\/p><p class=\"wp-block-paragraph\">1.2. <strong>\u6570\u636e\u6536\u96c6<\/strong>\u3002\u6211\u4eec\u4ec5\u5728\u771f\u6b63\u9700\u8981\u63d0\u4f9b\u548c\u6539\u8fdb\u6211\u4eec\u7684\u670d\u52a1\u65f6\u624d\u4f1a\u8981\u6c42\u63d0\u4f9b\u4e2a\u4eba\u4fe1\u606f\uff0c\u5e76\u4e14\u59cb\u7ec8\u57fa\u4e8e\u9002\u5f53\u7684\u6cd5\u5f8b\u4f9d\u636e\uff08\u4f8b\u5982\u540c\u610f\u3001\u5c65\u884c\u5408\u540c\u6216\u5408\u6cd5\u5229\u76ca\uff09\u3002<\/p><p class=\"wp-block-paragraph\">1.3. <strong>\u6cd5\u5f8b\u4f9d\u636e<\/strong>\u3002 requalify.ai \u7684\u4e2a\u4eba\u6570\u636e\u5904\u7406\u64cd\u4f5c\u53ef\u80fd\u57fa\u4e8e\uff1a<\/p><p class=\"wp-block-paragraph\">\u2022 <strong>\u540c\u610f<\/strong> \u9002\u7528\u65f6\uff0c\u6301\u6709\u4eba\u7684\u59d3\u540d\uff1b<\/p><p class=\"wp-block-paragraph\">\u2022 <strong>\u5408\u540c\u6267\u884c<\/strong> \u6216\u8005\u6301\u6709\u4eba\u4f5c\u4e3a\u4e00\u65b9\u5f53\u4e8b\u4eba\u7684\u5408\u540c\u7684\u9884\u5907\u7a0b\u5e8f\uff1b<\/p><p class=\"wp-block-paragraph\">\u2022 <strong>\u9075\u5b88\u6cd5\u5f8b\u6216\u76d1\u7ba1\u4e49\u52a1<\/strong>;<\/p><p class=\"wp-block-paragraph\">\u2022 <strong>\u5408\u6cd5\u6743\u76ca<\/strong>\uff0c\u524d\u63d0\u662f\u6301\u6709\u4eba\u7684\u57fa\u672c\u6743\u5229\u548c\u81ea\u7531\u4e0d\u53d7\u5f71\u54cd\uff1b<\/p><p class=\"wp-block-paragraph\">\u2022 LGPD \u4e2d\u89c4\u5b9a\u7684\u5176\u4ed6\u5047\u8bbe\uff0c\u4f8b\u5982\u5065\u5eb7\u4fdd\u62a4\u6216\u6b3a\u8bc8\u9884\u9632\u3002<\/p><p class=\"wp-block-paragraph\"><strong>1.4.\u9075\u5b88\u5065\u5eb7\u548c\u7814\u7a76\u6807\u51c6<\/strong>\u3002 requalify.ai \u53ef\u7528\u4e8e\u6d89\u53ca\u5065\u5eb7\u6570\u636e\u6216\u4ee5\u4eba\u7c7b\u4e3a\u5bf9\u8c61\u7684\u7814\u7a76\u3002\u5728\u8fd9\u4e9b\u60c5\u51b5\u4e0b\uff1a<\/p><p class=\"wp-block-paragraph\">\u2022 \u7528\u6237\u6709\u8d23\u4efb\u786e\u4fdd\u5148\u524d\u7684\u6570\u636e\u5904\u7406\u7b26\u5408\u7279\u5b9a\u6cd5\u5f8b\uff0c\u5305\u62ec <strong>\u56fd\u5bb6\u536b\u751f\u59d4\u5458\u4f1a\uff08<\/strong>CNS)\uff0c\u4f8b\u5982\u7b2c 466\/2012 \u53f7\u51b3\u8bae\uff1b<\/p><p class=\"wp-block-paragraph\">\u2022 \u5c3d\u7ba1\u6211\u4eec\u91c7\u53d6\u4e86\u6240\u6709\u5b89\u5168\u548c\u9690\u79c1\u9884\u9632\u63aa\u65bd\uff0c\u4f46 requalify.ai \u5e76\u4e0d\u80fd\u53d6\u4ee3\u7814\u7a76\u65b9\u6848\u4e2d\u6240\u9700\u7684\u4f26\u7406\u59d4\u5458\u4f1a\u548c\u5176\u4ed6\u6388\u6743\u3002<\/p><h3 class=\"wp-block-paragraph\"><strong>2. \u6536\u96c6\u7684\u6570\u636e\u548c\u76ee\u7684<\/strong><\/h3><p class=\"wp-block-paragraph\">2.1. <strong>\u6ce8\u518c\u6570\u636e<\/strong>\uff1a\u521b\u5efa\u548c\u7ba1\u7406\u7528\u6237\u5e10\u6237\u6240\u9700\u7684\u59d3\u540d\u3001\u7535\u5b50\u90ae\u4ef6\u3001\u8054\u7cfb\u4fe1\u606f\u548c\u5176\u4ed6\u6570\u636e\u3002<\/p><p class=\"wp-block-paragraph\">\u2022 \u76ee\u7684\uff1a\u5bf9\u670d\u52a1\u8bbf\u95ee\u8fdb\u884c\u8eab\u4efd\u9a8c\u8bc1\u3001\u8bc6\u522b\u548c\u7ba1\u7406\u3002<\/p><p class=\"wp-block-paragraph\">2.2. <strong>\u4ed8\u6b3e\u8be6\u60c5<\/strong> \uff08\u5982\u9002\u7528\uff09\uff1a\u7531\u652f\u4ed8\u4e2d\u4ecb\u673a\u6784\u5904\u7406\uff0c\u4f8b\u5982 Stripe\u3002<\/p><p class=\"wp-block-paragraph\">\u2022 \u76ee\u7684\uff1a\u5904\u7406\u91d1\u878d\u4ea4\u6613\u3001\u5f00\u5177\u53d1\u7968\u548c\u9075\u5b88\u6cd5\u5f8b\u6216\u76d1\u7ba1\u4e49\u52a1\u3002<\/p><p class=\"wp-block-paragraph\">2.3. <strong>\u63d0\u4ea4\u7684\u5185\u5bb9<\/strong>\uff1a\u7528\u6237\u9009\u62e9\u4e0a\u4f20\u5230\u5e73\u53f0\u7684\u6587\u4ef6\u548c\u6587\u6863\uff08\u5305\u62ec\u53ef\u80fd\u7684\u5065\u5eb7\u6216\u7814\u7a76\u6570\u636e\uff09\u3002<\/p><p class=\"wp-block-paragraph\">\u2022 \u76ee\u7684\uff1a\u5b9e\u73b0\u5e73\u53f0\u63d0\u4f9b\u7684\u5206\u6790\u3001\u641c\u7d22\u548c\u5176\u4ed6\u529f\u80fd\u3002<\/p><p class=\"wp-block-paragraph\">2.4. <strong>\u5bfc\u822a\u6570\u636e<\/strong>\uff1aIP\u5730\u5740\u3001\u8bbf\u95ee\u65e5\u5fd7\u3001cookies\u3001\u8bbe\u5907\u7c7b\u578b\u3001\u6d4f\u89c8\u5668\u3001\u8bbf\u95ee\u65e5\u671f\u548c\u65f6\u95f4\u3002<\/p><p class=\"wp-block-paragraph\">\u2022 \u76ee\u7684\uff1a\u7ef4\u62a4\u5e73\u53f0\u7684\u5b89\u5168\uff0c\u6539\u5584\u7528\u6237\u4f53\u9a8c\u5e76\u751f\u6210\u4f7f\u7528\u60c5\u51b5\u7edf\u8ba1\u6570\u636e\u3002<\/p><p class=\"wp-block-paragraph\">2.5. <strong>Cookie \u548c\u7c7b\u4f3c\u6280\u672f<\/strong>\uff1a\u7528\u4e8e\u8bb0\u4f4f\u7528\u6237\u504f\u597d\u3001\u6295\u653e\u5e7f\u544a\uff08\u5982\u679c\u9002\u7528\uff09\u5e76\u542f\u7528\u57fa\u672c\u529f\u80fd\u3002<\/p><p class=\"wp-block-paragraph\">\u2022 \u7528\u6237\u53ef\u4ee5\u5728\u5176\u6d4f\u89c8\u5668\u4e2d\u7ba1\u7406 cookie \u504f\u597d\u8bbe\u7f6e\uff0c\u4f46\u8bf7\u6ce8\u610f\u67d0\u4e9b\u529f\u80fd\u53ef\u80fd\u4f1a\u53d7\u5230\u5f71\u54cd\u3002<\/p><h3 class=\"wp-block-paragraph\"><strong>3. \u8d1f\u8d23\u4efb\u5730\u4f7f\u7528\u4eba\u5de5\u667a\u80fd\u548c\u5065\u5eb7\u6570\u636e<\/strong><\/h3><p class=\"wp-block-paragraph\">3.1. requalify.ai <strong>\u4e0d<\/strong> \u4e0d\u53d7\u9650\u5236\u5730\u4f7f\u7528\u7528\u6237\u7684\u4e2a\u4eba\u6570\u636e\u6216\u5065\u5eb7\u6570\u636e\u6765\u8bad\u7ec3\u4eba\u5de5\u667a\u80fd\u6a21\u578b\u3002\u6839\u636e\u7528\u6237\u7684\u8981\u6c42\u5904\u7406\u6570\u636e\u4ee5\u63d0\u4f9b\u7279\u5b9a\u7ed3\u679c\uff08\u4f8b\u5982\uff0c\u6210\u7ee9\u5355\u3001\u641c\u7d22\u3001\u89c1\u89e3\uff09\u3002<\/p><p class=\"wp-block-paragraph\">3.2. <strong>\u81ea\u52a8\u5316\u51b3\u7b56<\/strong>\u3002\u5982\u679c\u505a\u51fa\u7684\u81ea\u52a8\u5316\u51b3\u7b56\u5f71\u54cd\u5230\u7528\u6237\uff0c\u7528\u6237\u5c06\u88ab\u544a\u77e5\uff0c\u5e76\u53ef\u4ee5\u6839\u636e LGPD \u8981\u6c42\u6f84\u6e05\u6216\u4eba\u5de5\u5e72\u9884\u3002<\/p><p class=\"wp-block-paragraph\">3.3. <strong>\u654f\u611f\u5065\u5eb7\u6570\u636e<\/strong>\u3002\u5982\u679c\u7528\u6237\u4e0a\u4f20\u654f\u611f\u7684\u5065\u5eb7\u6570\u636e\uff0c\u4ed6\/\u5979\u6709\u8d23\u4efb\u786e\u4fdd\u4ed6\/\u5979\u5df2\u83b7\u5f97\u660e\u786e\u540c\u610f\uff08\u9700\u8981\u65f6\uff09\u5e76\u4e14\u4ed6\/\u5979\u9075\u5b88 LGPD \u6807\u51c6\u548c\u5065\u5eb7\u51b3\u8bae\uff0c\u5305\u62ec\u5bf9\u4eba\u4f53\u7814\u7a76\u7684\u4fdd\u5bc6\u6027\u3001\u7814\u7a76\u548c\u9053\u5fb7\u8981\u6c42\u3002<\/p><h3 class=\"wp-block-paragraph\"><strong>4.\u6570\u636e\u5171\u4eab<\/strong><\/h3><p class=\"wp-block-paragraph\">4.1.\u4ec5\u4ee5\u4e0b\u60c5\u51b5\u4e0b\u624d\u53ef\u4ee5\u4e0e\u7b2c\u4e09\u65b9\u5171\u4eab\u7528\u6237\u6570\u636e\uff1a<\/p><p class=\"wp-block-paragraph\">a) \u5e73\u53f0\u8fd0\u8425\u6240\u5fc5\u9700\u7684\uff0c\u4f8b\u5982\u4e91\u6258\u7ba1\u670d\u52a1\u3001\u6570\u636e\u5206\u6790\u5de5\u5177\u548c\u652f\u4ed8\u63d0\u4f9b\u5546\uff1b<\/p><p class=\"wp-block-paragraph\">b) \u9075\u5b88\u6cd5\u5f8b\u6216\u76d1\u7ba1\u4e49\u52a1\uff1b<\/p><p class=\"wp-block-paragraph\">c) \u5e94\u6b63\u5f0f\u8bf7\u6c42\u4e0e\u653f\u5e9c\u5f53\u5c40\u5408\u4f5c\uff1b<\/p><p class=\"wp-block-paragraph\">d) \u5728\u53d1\u751f\u4e89\u8bae\u65f6\u4fdd\u62a4requalify.ai\u7684\u5229\u76ca\uff1b<\/p><p class=\"wp-block-paragraph\">e) \u9632\u6b62\u6b3a\u8bc8\u6216\u4fdd\u62a4\u7b2c\u4e09\u65b9\u6743\u5229\u3002<\/p><p class=\"wp-block-paragraph\">4.2.\u5982\u679c\u5c06\u6570\u636e\u4f20\u8f93\u7ed9\u4f4d\u4e8e\u5df4\u897f\u5883\u5916\u7684\u5408\u4f5c\u4f19\u4f34\uff0c\u6211\u4eec\u5c06\u91c7\u53d6 LGPD \u8981\u6c42\u7684\u63aa\u65bd\uff0c\u5305\u62ec\u9a8c\u8bc1\u8db3\u591f\u7684\u4fdd\u62a4\u7ea7\u522b\u6216\u7279\u5b9a\u7684\u5408\u540c\u6761\u6b3e\u3002<\/p><p class=\"wp-block-paragraph\">4.3. <strong>\u4e0d\u4f7f\u7528\u7528\u6237\u6570\u636e\u8bad\u7ec3\u4eba\u5de5\u667a\u80fd<\/strong>\u3002 requalify.ai \u4e0d\u4f1a\u4f7f\u7528\u7528\u6237\u4e0a\u4f20\u7684\u5185\u5bb9\u8fdb\u884c\u5927\u89c4\u6a21\u7684\u8bad\u7ec3\u3001\u6539\u8fdb\u6216\u6269\u5145\u5176\u81ea\u5df1\u7684 AI \u6570\u636e\u5e93\uff0c\u9664\u975e\u662f\u4e3a\u4e86\u7ef4\u62a4\u670d\u52a1\u800c\u5076\u5c14\u8fdb\u884c\u6027\u80fd\u5206\u6790\uff0c\u5e76\u4e14\u59cb\u7ec8\u4ee5\u533f\u540d\u6216\u5047\u540d\u5f62\u5f0f\u8fdb\u884c\u3002<\/p><h3 class=\"wp-block-paragraph\"><strong>5. \u6570\u636e\u4fdd\u7559\u548c\u5220\u9664<\/strong><\/h3><p class=\"wp-block-paragraph\">5.1.\u4e2a\u4eba\u6570\u636e\u5c06\u88ab\u4fdd\u5b58\u5fc5\u8981\u7684\u65f6\u95f4\u4ee5\u5b9e\u73b0\u6536\u96c6\u6570\u636e\u7684\u76ee\u7684\u6216\u6ee1\u8db3\u6cd5\u5f8b\u548c\u76d1\u7ba1\u8981\u6c42\u3002<\/p><p class=\"wp-block-paragraph\">5.2.\u5728\u5904\u7406\u7ed3\u675f\u540e\u6216\u6839\u636e\u7528\u6237\u8981\u6c42\u5220\u9664\u540e\uff0crequalify.ai \u53ef\u80fd\u4f1a\u5c06\u6570\u636e\u5b58\u50a8\u5728\u9075\u5b88\u6cd5\u5f8b\u4e49\u52a1\u6216\u7ef4\u62a4\u5408\u6cd5\u5229\u76ca\u6240\u9700\u7684\u65f6\u95f4\u5185\uff0c\u59cb\u7ec8\u7b26\u5408 LGPD\u3002<\/p><p class=\"wp-block-paragraph\">5.3.\u5f53\u5b58\u50a8\u671f\u9650\u5230\u671f\u6216\u6cd5\u5f8b\u4f9d\u636e\u7ec8\u6b62\u65f6\uff0c\u6570\u636e\u5c06\u88ab\u5b89\u5168\u5220\u9664\u6216\u4e0d\u53ef\u9006\u5730\u533f\u540d\u5316\u3002<\/p><h3 class=\"wp-block-paragraph\"><strong>6.\u4fe1\u606f\u5b89\u5168<\/strong><\/h3><p class=\"wp-block-paragraph\">6.1. requalify.ai \u91c7\u7528\u9002\u5f53\u7684\u6280\u672f\u548c\u7ec4\u7ec7\u5b89\u5168\u63aa\u65bd\uff08\u4f8b\u5982\u52a0\u5bc6\u3001\u5b89\u5168\u534f\u8bae\u3001\u8bbf\u95ee\u63a7\u5236\uff09\u6765\u4fdd\u62a4\u6570\u636e\u514d\u906d\u672a\u7ecf\u6388\u6743\u3001\u610f\u5916\u6216\u975e\u6cd5\u8bbf\u95ee\u3002<\/p><p class=\"wp-block-paragraph\">6.2.\u5982\u679c\u53d1\u751f\u53ef\u80fd\u5bf9\u6570\u636e\u4e3b\u4f53\u9020\u6210\u91cd\u5927\u98ce\u9669\u6216\u635f\u5bb3\u7684\u5b89\u5168\u4e8b\u4ef6\uff0crequalify.ai \u5c06\u6839\u636e LGPD \u5c06\u4e8b\u4ef6\u901a\u62a5\u7ed9\u56fd\u5bb6\u6570\u636e\u4fdd\u62a4\u5c40 (ANPD) \u548c\u53d7\u5f71\u54cd\u7684\u6570\u636e\u4e3b\u4f53\u3002<\/p><p class=\"wp-block-paragraph\">6.3.\u7528\u6237\u8fd8\u8d1f\u8d23\u786e\u4fdd\u5176\u8bbe\u5907\u5b89\u5168\u5e76\u4e14\u4e0d\u5171\u4eab\u8bbf\u95ee\u51ed\u8bc1\u3002<\/p><h3 class=\"wp-block-paragraph\"><strong>7. \u6301\u6709\u4eba\u7684\u6743\u5229<\/strong><\/h3><p class=\"wp-block-paragraph\">7.1.\u6839\u636eLGPD\u7684\u89c4\u5b9a\uff0c\u4e2a\u4eba\u6570\u636e\u6301\u6709\u8005\u6709\u6743\uff1a<\/p><ul class=\"wp-block-list wp-block-list\"><li>\u786e\u8ba4\u5904\u7406\u7684\u5b58\u5728\u5e76\u8bbf\u95ee requalify.ai \u5904\u7406\u7684\u60a8\u7684\u4e2a\u4eba\u6570\u636e\uff1b<\/li><li>\u8981\u6c42\u66f4\u6b63\u4e0d\u5b8c\u6574\u3001\u4e0d\u51c6\u786e\u6216\u8fc7\u65f6\u7684\u6570\u636e\uff1b<\/li><li>\u8981\u6c42\u533f\u540d\u5316\u3001\u963b\u6b62\u6216\u5220\u9664\u4e0d\u5fc5\u8981\u6216\u591a\u4f59\u7684\u6570\u636e\uff1b<\/li><li>\u83b7\u53d6\u6709\u5173 requalify.ai \u5171\u4eab\u6570\u636e\u7684\u5b9e\u4f53\u7684\u4fe1\u606f\uff1b<\/li><li>\u5728\u9002\u7528\u7684\u60c5\u51b5\u4e0b\uff0c\u8bf7\u6c42\u6570\u636e\u53ef\u79fb\u690d\u6027\uff1b<\/li><li>\u64a4\u9500\u5148\u524d\u7ed9\u4e88\u7684\u540c\u610f\uff1b<\/li><li>\u6839\u636e LGPD \u548c ANPD \u7684\u76d1\u7ba1\u66f4\u65b0\uff0c\u884c\u4f7f\u9002\u7528\u6cd5\u5f8b\u89c4\u5b9a\u7684\u5176\u4ed6\u6743\u5229\u3002<\/li><\/ul><p class=\"wp-block-paragraph\">7.2.\u4e3a\u4e86\u884c\u4f7f\u81ea\u5df1\u7684\u6743\u5229\uff0c\u7528\u6237\u53ef\u4ee5\u968f\u65f6\u901a\u8fc7\u63d0\u4f9b\u7684\u6e20\u9053\u4e0e\u6211\u4eec\u8054\u7cfb\u3002\u6211\u4eec\u5c06\u5c3d\u529b\u5728\u5408\u7406\u7684\u65f6\u95f4\u5185\u5e76\u6309\u7167\u6cd5\u5f8b\u8981\u6c42\u4f5c\u51fa\u56de\u5e94\u3002<\/p><h3 class=\"wp-block-paragraph\"><strong>8. \u8d1f\u8d23\u4eba\uff08DPO\uff09\u53ca\u8054\u7cfb\u6e20\u9053<\/strong><\/h3><p class=\"wp-block-paragraph\">8.1. requalify.ai \u6709\u4e00\u540d\u8d1f\u8d23\u4eba\uff08DPO\uff09\u8d1f\u8d23\u4f5c\u4e3a\u4e0e\u6301\u6709\u4eba\u548c ANPD \u5c31\u672c\u653f\u7b56\u76f8\u5173\u95ee\u9898\u8fdb\u884c\u6c9f\u901a\u7684\u6e20\u9053\u3002<\/p><p class=\"wp-block-paragraph\">8.2.\u5bf9\u4e8e\u6709\u5173\u60a8\u7684\u4e2a\u4eba\u6570\u636e\u7684\u8bf7\u6c42\u3001\u7591\u95ee\u6216\u6295\u8bc9\uff0c\u7528\u6237\u53ef\u4ee5\u901a\u8fc7 requalify.ai \u5b98\u65b9\u7f51\u7ad9\u4e0a\u63d0\u4f9b\u7684\u5730\u5740\u8054\u7cfb\u6211\u4eec\u3002<\/p><h3 class=\"wp-block-paragraph\"><strong>9. \u672c\u653f\u7b56\u7684\u53d8\u66f4<\/strong><\/h3><p class=\"wp-block-paragraph\">9.1. requalify.ai \u53ef\u80fd\u4f1a\u5b9a\u671f\u5ba1\u67e5\u548c\u66f4\u65b0\u672c\u653f\u7b56\uff0c\u4ee5\u53cd\u6620\u7acb\u6cd5\u53d8\u5316\u6216\u6539\u8fdb\u6570\u636e\u4fdd\u62a4\u63aa\u65bd\u3002<\/p><p class=\"wp-block-paragraph\">9.2.\u82e5\u53d1\u751f\u91cd\u5927\u53d8\u66f4\uff0c\u6211\u4eec\u5c06\u901a\u8fc7\u7528\u6237\u63d0\u4f9b\u7684\u8054\u7cfb\u65b9\u5f0f\u6216\u5e73\u53f0\u4e0a\u7684\u901a\u77e5\u65b9\u5f0f\u901a\u77e5\u7528\u6237\u3002\u53d8\u66f4\u540e\u7ee7\u7eed\u4f7f\u7528\u5373\u8868\u793a\u63a5\u53d7\u65b0\u7684\u89c4\u5b9a\u3002<\/p><h3 class=\"wp-block-paragraph\"><strong>10. \u9002\u7528\u6cd5\u5f8b\u548c\u7ba1\u8f96\u6743<\/strong><\/h3><p class=\"wp-block-paragraph\">10.1.\u672c\u653f\u7b56\u53d7\u5df4\u897f\u6cd5\u5f8b\u7ba1\u8f96\u5e76\u4f9d\u5176\u89e3\u91ca\u3002\u56e0\u672c\u653f\u7b56\u5f15\u8d77\u7684\u4efb\u4f55\u4e89\u8bae\uff0c\u5e94\u63d0\u4ea4 <strong>\u8339\u4f0a\u65af\u8fea\u798f\u62c9 \u2013 MG<\/strong>\uff0crequalify.ai \u7684\u603b\u90e8\uff0c\u9664\u975e\u6cd5\u5f8b\u53e6\u6709\u89c4\u5b9a\u3002<\/p><h3 class=\"wp-block-paragraph\"><strong>11. \u671f\u9650<\/strong><\/h3><p class=\"wp-block-paragraph\">11.1.\u672c\u653f\u7b56\u81ea\u5728requalify.ai\u5b98\u65b9\u7f51\u7ad9\u53d1\u5e03\u4e4b\u65e5\u8d77\u751f\u6548\uff0c\u53d6\u4ee3\u4e4b\u524d\u7684\u7248\u672c\u3002<\/p><h3 class=\"wp-block-paragraph\"><strong>12. \u6700\u540e\u6761\u6b3e<\/strong><\/h3><p class=\"wp-block-paragraph\">12.1.\u5982\u679c\u672c\u9690\u79c1\u653f\u7b56\u4e0e\u4f7f\u7528\u6761\u6b3e\u4e4b\u95f4\u5b58\u5728\u4efb\u4f55\u5dee\u5f02\uff0c\u5219\u4ee5\u5173\u4e8e\u9690\u79c1\u548c\u6570\u636e\u4fdd\u62a4\u7684\u6700\u5177\u4f53\u89c4\u5b9a\u4e3a\u51c6\u3002<\/p><p class=\"wp-block-paragraph\">12.2.\u672c\u653f\u7b56\u4efb\u4f55\u6761\u6b3e\u7684\u6700\u7ec8\u65e0\u6548\u5e76\u4e0d\u4f1a\u5bfc\u81f4\u8be5\u6587\u4ef6\u7684\u5176\u4f59\u90e8\u5206\u65e0\u6548\uff0c\u8be5\u6587\u4ef6\u7684\u5176\u4ed6\u6761\u6b3e\u4ecd\u7136\u6709\u6548\u3002<\/p><p class=\"wp-block-paragraph\"><strong>\u672c\u653f\u7b56\u81ea 2023 \u5e74 6 \u6708 18 \u65e5\u8d77\u751f\u6548<\/strong><\/p><p class=\"wp-block-paragraph\">\u5982\u9700\u66f4\u591a\u4fe1\u606f\u6216\u8bf4\u660e\uff0c\u8bf7\u8054\u7cfb\u6211\u4eec\u3002<\/p><p class=\"wp-block-paragraph\"><strong>requalify.ai \u2013 \u4fdd\u7559\u6240\u6709\u6743\u5229<\/strong><\/p>\t\t\t\t\t\t\t\t<\/div>\n\t\t\t\t<\/div>\n\t\t\t\t\t<\/div>\n\t\t\t\t<\/div>\n\t\t\t\t<\/div>","protected":false},"excerpt":{"rendered":"<p>Pol\u00edtica de privacidade Contact us 1. Introdu\u00e7\u00e3o e Compromisso com a Privacidade 1.1. A privacidade do Usu\u00e1rio \u00e9 importante para n\u00f3s. Esta Pol\u00edtica de Privacidade (\u201cPol\u00edtica\u201d) descreve como coletamos, usamos, armazenamos e protegemos dados pessoais relacionados ao uso do requalify.ai, em conformidade com a LGPD (Lei n\u00ba 13.709\/2018) e demais legisla\u00e7\u00f5es aplic\u00e1veis. 1.2. Coleta de [&hellip;]<\/p>","protected":false},"author":2,"featured_media":0,"parent":0,"menu_order":0,"comment_status":"closed","ping_status":"closed","template":"","meta":{"footnotes":""},"class_list":["post-3","page","type-page","status-publish","hentry"],"yoast_head":"<!-- This site is optimized with the Yoast SEO plugin v25.6 - https:\/\/yoast.com\/wordpress\/plugins\/seo\/ -->\n<title>Pol\u00edtica de privacidade - requalify<\/title>\n<meta name=\"robots\" content=\"index, follow, max-snippet:-1, max-image-preview:large, max-video-preview:-1\" \/>\n<link rel=\"canonical\" href=\"https:\/\/requalify.ai\/zh\/privacy-statement\/\" \/>\n<meta property=\"og:locale\" content=\"zh_CN\" \/>\n<meta property=\"og:type\" content=\"article\" \/>\n<meta property=\"og:title\" content=\"Pol\u00edtica de privacidade - requalify\" \/>\n<meta property=\"og:description\" content=\"Pol\u00edtica de privacidade Contact us 1. Introdu\u00e7\u00e3o e Compromisso com a Privacidade 1.1. A privacidade do Usu\u00e1rio \u00e9 importante para n\u00f3s. Esta Pol\u00edtica de Privacidade (\u201cPol\u00edtica\u201d) descreve como coletamos, usamos, armazenamos e protegemos dados pessoais relacionados ao uso do requalify.ai, em conformidade com a LGPD (Lei n\u00ba 13.709\/2018) e demais legisla\u00e7\u00f5es aplic\u00e1veis. 1.2. Coleta de [&hellip;]\" \/>\n<meta property=\"og:url\" content=\"https:\/\/requalify.ai\/zh\/privacy-statement\/\" \/>\n<meta property=\"og:site_name\" content=\"requalify\" \/>\n<meta property=\"article:publisher\" content=\"https:\/\/www.facebook.com\/requalifyai\" \/>\n<meta property=\"article:modified_time\" content=\"2025-04-30T21:32:30+00:00\" \/>\n<meta name=\"twitter:card\" content=\"summary_large_image\" \/>\n<meta name=\"twitter:site\" content=\"@RequalifyAI\" \/>\n<meta name=\"twitter:label1\" content=\"\u9884\u8ba1\u9605\u8bfb\u65f6\u95f4\" \/>\n\t<meta name=\"twitter:data1\" content=\"7 \u5206\" \/>\n<script type=\"application\/ld+json\" class=\"yoast-schema-graph\">{\"@context\":\"https:\/\/schema.org\",\"@graph\":[{\"@type\":\"WebPage\",\"@id\":\"https:\/\/requalify.ai\/privacy-statement\/\",\"url\":\"https:\/\/requalify.ai\/privacy-statement\/\",\"name\":\"Pol\u00edtica de privacidade - requalify\",\"isPartOf\":{\"@id\":\"https:\/\/requalify.ai\/#website\"},\"datePublished\":\"2025-02-13T11:58:03+00:00\",\"dateModified\":\"2025-04-30T21:32:30+00:00\",\"breadcrumb\":{\"@id\":\"https:\/\/requalify.ai\/privacy-statement\/#breadcrumb\"},\"inLanguage\":\"zh-Hans\",\"potentialAction\":[{\"@type\":\"ReadAction\",\"target\":[\"https:\/\/requalify.ai\/privacy-statement\/\"]}]},{\"@type\":\"BreadcrumbList\",\"@id\":\"https:\/\/requalify.ai\/privacy-statement\/#breadcrumb\",\"itemListElement\":[{\"@type\":\"ListItem\",\"position\":1,\"name\":\"In\u00edcio\",\"item\":\"https:\/\/requalify.ai\/\"},{\"@type\":\"ListItem\",\"position\":2,\"name\":\"Pol\u00edtica de privacidade\"}]},{\"@type\":\"WebSite\",\"@id\":\"https:\/\/requalify.ai\/#website\",\"url\":\"https:\/\/requalify.ai\/\",\"name\":\"requalify\",\"description\":\"reiventando a pesquisa qualitativa\",\"publisher\":{\"@id\":\"https:\/\/requalify.ai\/#organization\"},\"alternateName\":\"requalify\",\"potentialAction\":[{\"@type\":\"SearchAction\",\"target\":{\"@type\":\"EntryPoint\",\"urlTemplate\":\"https:\/\/requalify.ai\/?s={search_term_string}\"},\"query-input\":{\"@type\":\"PropertyValueSpecification\",\"valueRequired\":true,\"valueName\":\"search_term_string\"}}],\"inLanguage\":\"zh-Hans\"},{\"@type\":\"Organization\",\"@id\":\"https:\/\/requalify.ai\/#organization\",\"name\":\"requalify\",\"alternateName\":\"requalify\",\"url\":\"https:\/\/requalify.ai\/\",\"logo\":{\"@type\":\"ImageObject\",\"inLanguage\":\"zh-Hans\",\"@id\":\"https:\/\/requalify.ai\/#\/schema\/logo\/image\/\",\"url\":\"https:\/\/requalify.ai\/wp-content\/uploads\/2025\/02\/requalify_fundo_claro.png\",\"contentUrl\":\"https:\/\/requalify.ai\/wp-content\/uploads\/2025\/02\/requalify_fundo_claro.png\",\"width\":800,\"height\":300,\"caption\":\"requalify\"},\"image\":{\"@id\":\"https:\/\/requalify.ai\/#\/schema\/logo\/image\/\"},\"sameAs\":[\"https:\/\/www.facebook.com\/requalifyai\",\"https:\/\/x.com\/RequalifyAI\",\"https:\/\/www.instagram.com\/requalify.ai\",\"https:\/\/www.tiktok.com\/@requalify.ai\",\"https:\/\/www.youtube.com\/channel\/UCGzFUsBPEvW06J0y9FGuruQ\"]}]}<\/script>\n<!-- \/ Yoast SEO plugin. -->","yoast_head_json":{"title":"Pol\u00edtica de privacidade - requalify","robots":{"index":"index","follow":"follow","max-snippet":"max-snippet:-1","max-image-preview":"max-image-preview:large","max-video-preview":"max-video-preview:-1"},"canonical":"https:\/\/requalify.ai\/zh\/privacy-statement\/","og_locale":"zh_CN","og_type":"article","og_title":"Pol\u00edtica de privacidade - requalify","og_description":"Pol\u00edtica de privacidade Contact us 1. Introdu\u00e7\u00e3o e Compromisso com a Privacidade 1.1. A privacidade do Usu\u00e1rio \u00e9 importante para n\u00f3s. Esta Pol\u00edtica de Privacidade (\u201cPol\u00edtica\u201d) descreve como coletamos, usamos, armazenamos e protegemos dados pessoais relacionados ao uso do requalify.ai, em conformidade com a LGPD (Lei n\u00ba 13.709\/2018) e demais legisla\u00e7\u00f5es aplic\u00e1veis. 1.2. Coleta de [&hellip;]","og_url":"https:\/\/requalify.ai\/zh\/privacy-statement\/","og_site_name":"requalify","article_publisher":"https:\/\/www.facebook.com\/requalifyai","article_modified_time":"2025-04-30T21:32:30+00:00","twitter_card":"summary_large_image","twitter_site":"@RequalifyAI","twitter_misc":{"\u9884\u8ba1\u9605\u8bfb\u65f6\u95f4":"7 \u5206"},"schema":{"@context":"https:\/\/schema.org","@graph":[{"@type":"WebPage","@id":"https:\/\/requalify.ai\/privacy-statement\/","url":"https:\/\/requalify.ai\/privacy-statement\/","name":"Pol\u00edtica de privacidade - requalify","isPartOf":{"@id":"https:\/\/requalify.ai\/#website"},"datePublished":"2025-02-13T11:58:03+00:00","dateModified":"2025-04-30T21:32:30+00:00","breadcrumb":{"@id":"https:\/\/requalify.ai\/privacy-statement\/#breadcrumb"},"inLanguage":"zh-Hans","potentialAction":[{"@type":"ReadAction","target":["https:\/\/requalify.ai\/privacy-statement\/"]}]},{"@type":"BreadcrumbList","@id":"https:\/\/requalify.ai\/privacy-statement\/#breadcrumb","itemListElement":[{"@type":"ListItem","position":1,"name":"In\u00edcio","item":"https:\/\/requalify.ai\/"},{"@type":"ListItem","position":2,"name":"Pol\u00edtica de privacidade"}]},{"@type":"WebSite","@id":"https:\/\/requalify.ai\/#website","url":"https:\/\/requalify.ai\/","name":"requalify","description":"reiventando a pesquisa qualitativa","publisher":{"@id":"https:\/\/requalify.ai\/#organization"},"alternateName":"requalify","potentialAction":[{"@type":"SearchAction","target":{"@type":"EntryPoint","urlTemplate":"https:\/\/requalify.ai\/?s={search_term_string}"},"query-input":{"@type":"PropertyValueSpecification","valueRequired":true,"valueName":"search_term_string"}}],"inLanguage":"zh-Hans"},{"@type":"Organization","@id":"https:\/\/requalify.ai\/#organization","name":"requalify","alternateName":"requalify","url":"https:\/\/requalify.ai\/","logo":{"@type":"ImageObject","inLanguage":"zh-Hans","@id":"https:\/\/requalify.ai\/#\/schema\/logo\/image\/","url":"https:\/\/requalify.ai\/wp-content\/uploads\/2025\/02\/requalify_fundo_claro.png","contentUrl":"https:\/\/requalify.ai\/wp-content\/uploads\/2025\/02\/requalify_fundo_claro.png","width":800,"height":300,"caption":"requalify"},"image":{"@id":"https:\/\/requalify.ai\/#\/schema\/logo\/image\/"},"sameAs":["https:\/\/www.facebook.com\/requalifyai","https:\/\/x.com\/RequalifyAI","https:\/\/www.instagram.com\/requalify.ai","https:\/\/www.tiktok.com\/@requalify.ai","https:\/\/www.youtube.com\/channel\/UCGzFUsBPEvW06J0y9FGuruQ"]}]}},"_links":{"self":[{"href":"https:\/\/requalify.ai\/zh\/wp-json\/wp\/v2\/pages\/3","targetHints":{"allow":["GET"]}}],"collection":[{"href":"https:\/\/requalify.ai\/zh\/wp-json\/wp\/v2\/pages"}],"about":[{"href":"https:\/\/requalify.ai\/zh\/wp-json\/wp\/v2\/types\/page"}],"author":[{"embeddable":true,"href":"https:\/\/requalify.ai\/zh\/wp-json\/wp\/v2\/users\/2"}],"replies":[{"embeddable":true,"href":"https:\/\/requalify.ai\/zh\/wp-json\/wp\/v2\/comments?post=3"}],"version-history":[{"count":9,"href":"https:\/\/requalify.ai\/zh\/wp-json\/wp\/v2\/pages\/3\/revisions"}],"predecessor-version":[{"id":1451,"href":"https:\/\/requalify.ai\/zh\/wp-json\/wp\/v2\/pages\/3\/revisions\/1451"}],"wp:attachment":[{"href":"https:\/\/requalify.ai\/zh\/wp-json\/wp\/v2\/media?parent=3"}],"curies":[{"name":"wp","href":"https:\/\/api.w.org\/{rel}","templated":true}]}}