{"id":525,"date":"2025-02-28T15:37:29","date_gmt":"2025-02-28T18:37:29","guid":{"rendered":"https:\/\/test.evakub.com\/?page_id=525"},"modified":"2025-04-30T18:33:00","modified_gmt":"2025-04-30T21:33:00","slug":"terms-and-conditions","status":"publish","type":"page","link":"https:\/\/requalify.ai\/zh\/terms-and-conditions\/","title":{"rendered":"\u6761\u6b3e\u548c\u6761\u4ef6"},"content":{"rendered":"<div data-elementor-type=\"wp-page\" data-elementor-id=\"525\" class=\"elementor elementor-525\" data-elementor-post-type=\"page\">\n\t\t\t\t<div class=\"elementor-element elementor-element-26c54d91 e-flex e-con-boxed e-con e-parent\" data-id=\"26c54d91\" data-element_type=\"container\" data-settings=\"{&quot;background_background&quot;:&quot;classic&quot;}\">\n\t\t\t\t\t<div class=\"e-con-inner\">\n\t\t\t\t<div class=\"elementor-element elementor-element-7d459081 elementor-widget elementor-widget-heading\" data-id=\"7d459081\" data-element_type=\"widget\" data-widget_type=\"heading.default\">\n\t\t\t\t<div class=\"elementor-widget-container\">\n\t\t\t\t\t<h1 class=\"elementor-heading-title elementor-size-default\">\u6761\u6b3e\u548c\u6761\u4ef6<\/h1>\t\t\t\t<\/div>\n\t\t\t\t<\/div>\n\t\t\t\t<div class=\"elementor-element elementor-element-74772e99 elementor-align-center elementor-hidden-desktop elementor-hidden-tablet elementor-hidden-mobile elementor-widget elementor-widget-button\" data-id=\"74772e99\" data-element_type=\"widget\" data-widget_type=\"button.default\">\n\t\t\t\t<div class=\"elementor-widget-container\">\n\t\t\t\t\t\t\t\t\t<div class=\"elementor-button-wrapper\">\n\t\t\t\t\t<a class=\"elementor-button elementor-size-sm\" role=\"button\">\n\t\t\t\t\t\t<span class=\"elementor-button-content-wrapper\">\n\t\t\t\t\t\t\t\t\t<span class=\"elementor-button-text\">\u8054\u7cfb\u6211\u4eec<\/span>\n\t\t\t\t\t<\/span>\n\t\t\t\t\t<\/a>\n\t\t\t\t<\/div>\n\t\t\t\t\t\t\t\t<\/div>\n\t\t\t\t<\/div>\n\t\t\t\t\t<\/div>\n\t\t\t\t<\/div>\n\t\t<div class=\"elementor-element elementor-element-13960d4 e-con-full e-flex e-con e-parent\" data-id=\"13960d4\" data-element_type=\"container\">\n\t\t\t\t<div class=\"elementor-element elementor-element-eb94606 elementor-widget elementor-widget-text-editor\" data-id=\"eb94606\" data-element_type=\"widget\" data-widget_type=\"text-editor.default\">\n\t\t\t\t<div class=\"elementor-widget-container\">\n\t\t\t\t\t\t\t\t\t<h3 class=\"wp-block-paragraph\"><strong>1. \u63a5\u53d7\u6761\u6b3e<\/strong><\/h3><p class=\"wp-block-paragraph\">1.1.\u901a\u8fc7\u8bbf\u95ee\u6216\u4f7f\u7528\u672c\u7f51\u7ad9\u548c requalify.ai \u5e73\u53f0\uff08\u4ee5\u4e0b\u7b80\u79f0\u201c<strong>requalify.ai<\/strong>\u201c \u6216\u8005 \u201d<strong>\u5e73\u53f0<\/strong>\u201d\uff09\uff0c\u7528\u6237\uff08\u201c<strong>\u7528\u6237<\/strong>\u201d\uff09\u58f0\u660e\u5df2\u9605\u8bfb\u3001\u7406\u89e3\u5e76\u540c\u610f\u672c\u4f7f\u7528\u6761\u6b3e\u548c\u4e00\u822c\u6761\u4ef6\uff08\u201c<strong>\u6761\u6b3e<\/strong>\u201d\uff09\u3002\u5982\u679c\u60a8\u4e0d\u540c\u610f\u6b64\u5904\u6240\u8ff0\u7684\u4efb\u4f55\u6761\u6b3e\uff0c\u7528\u6237 <strong>\u4e0d<\/strong> \u88ab\u6388\u6743\u8bbf\u95ee\u6216\u4f7f\u7528\u8be5\u5e73\u53f0\u3002<\/p><p class=\"wp-block-paragraph\">1.2.\u8fd9\u4e9b\u6761\u6b3e\u7b26\u5408\u9002\u7528\u6cd5\u5f8b\uff0c\u5305\u62ec\u4f46\u4e0d\u9650\u4e8e\u7b2c 13,709\/2018 \u53f7\u6cd5\u5f8b\uff08\u300a\u4e00\u822c\u4e2a\u4eba\u6570\u636e\u4fdd\u62a4\u6cd5\u300b \u2013 \u201c<strong>LGPD<\/strong>\u201c\uff09\u3001\u4e92\u8054\u7f51\u516c\u6c11\u6743\u5229\u6846\u67b6\uff08\u6cd5\u5f8b\u7f16\u53f7 12,965\/2014\uff09\u3001\u7248\u6743\u6cd5\u89c4\uff08\u6cd5\u5f8b\u7f16\u53f7 9,610\/1998\uff09\u4ee5\u53ca\uff0c <strong>\u5f53\u6d89\u53ca\u5065\u5eb7\u6570\u636e\u6216\u4eba\u7c7b\u7814\u7a76\u65f6\uff0c\u7528\u6237\u8fd8\u5fc5\u987b\u9075\u5b88\u56fd\u5bb6\u536b\u751f\u59d4\u5458\u4f1a\uff08CNS\uff09\u7684\u9053\u5fb7\u548c\u6cd5\u5f8b\u6807\u51c6\uff0c\u7279\u522b\u662f\u7b2c466\/2012\u53f7\u51b3\u8bae\u548c\u5176\u4ed6\u76f8\u5173\u6cd5\u89c4<\/strong>.<\/p><h3 class=\"wp-block-paragraph\"><strong>2. \u5bf9\u8c61<\/strong><\/h3><p class=\"wp-block-paragraph\">2.1. requalify.ai \u662f\u4e00\u4e2a SaaS\uff08\u8f6f\u4ef6\u5373\u670d\u52a1\uff09\u5e73\u53f0\uff0c\u63d0\u4f9b\u5206\u6790\u3001\u6587\u6863\u5904\u7406\u548c\u4eba\u5de5\u667a\u80fd\u5de5\u5177\uff0c\u5141\u8bb8\u4ece\u7528\u6237\u63d0\u4f9b\u7684\u6570\u636e\u548c\u6587\u6863\u4e2d\u63d0\u53d6\u89c1\u89e3\u3002<\/p><p class=\"wp-block-paragraph\">2.2.\u672c\u6587\u4ef6\u89c4\u5b9a\u4e86\u4f7f\u7528 <strong>requalify.ai<\/strong>\u4ee5\u53ca\u7528\u6237\u4e0e\u5e73\u53f0\u63d0\u4f9b\u7684\u670d\u52a1\u7684\u4e92\u52a8\u3002<\/p><p class=\"wp-block-paragraph\"><strong>2.3.\u5177\u4f53\u6392\u9664\u548c\u9650\u5236\u2014\u2014\u5065\u5eb7\u548c\u7814\u7a76\u6570\u636e\uff1a<\/strong><\/p><p class=\"wp-block-paragraph\">a) \u5f53\u7528\u6237\u4f7f\u7528\u5e73\u53f0\u5904\u7406\u53ef\u80fd\u4e0e\u6d89\u53ca\u4eba\u7c7b\u7684\u7814\u7a76\u76f8\u5173\u7684\u5065\u5eb7\u6570\u636e\u6216\u4fe1\u606f\u65f6\uff0c\u7528\u6237\u6709\u8d23\u4efb\u786e\u4fdd\u5176\u5177\u6709\u6cd5\u5f8b\u4f9d\u636e\u548c\u5145\u5206\u7684\u6388\u6743\uff0c\u4f8b\u5982\u6301\u6709\u4eba\u7684\u660e\u786e\u540c\u610f\u6216\u7814\u7a76\u4f26\u7406\u59d4\u5458\u4f1a\uff08CEP\uff09\u6216\u4f26\u7406\u59d4\u5458\u4f1a\u7684\u6279\u51c6\uff08\u5f53 CNS \u6807\u51c6\u8981\u6c42\u65f6\uff09\u3002<\/p><p class=\"wp-block-paragraph\">b) requalify.ai <strong>\u4e0d<\/strong> \u4e0d\u5bf9\u7814\u7a76\u65b9\u6848\u7684\u9053\u5fb7\u548c\u6cd5\u5f8b\u4e49\u52a1\u8d1f\u8d23\uff0c\u4e5f\u4e0d\u5bf9\u7528\u6237\u5fc5\u987b\u4ece\u53c2\u4e0e\u8005\/\u60a3\u8005\u5904\u83b7\u5f97\u7684\u77e5\u60c5\u540c\u610f\u6761\u6b3e\u8d1f\u8d23\u3002<\/p><h3 class=\"wp-block-paragraph\"><strong>3. \u4f7f\u7528\u8bb8\u53ef<\/strong><\/h3><p class=\"wp-block-paragraph\">3.1.\u7528\u6237\u88ab\u6388\u4e88\u6709\u9650\u7684\u3001\u4e2a\u4eba\u7684\u3001\u4e0d\u53ef\u8f6c\u8ba9\u7684\u3001\u975e\u6392\u4ed6\u6027\u7684\u8bb8\u53ef\uff0c\u4ee5\u8bbf\u95ee\u548c\u4f7f\u7528 requalify.ai\uff0c\u4ec5\u7528\u4e8e\u5408\u6cd5\u7684\u4e2a\u4eba\u6216\u4e13\u4e1a\u76ee\u7684\uff0c\u5e76\u6839\u636e\u5e73\u53f0\u5141\u8bb8\u7684\u5408\u540c\u6216\u4f7f\u7528\u65b9\u5f0f\u3002<\/p><p class=\"wp-block-paragraph\">3.2.\u672c\u8bb8\u53ef\u5e76\u4e0d\u610f\u5473\u7740\u5c06\u8f6f\u4ef6\u6216\u5185\u5bb9\u7684\u6240\u6709\u6743\u8f6c\u8ba9\u7ed9\u7528\u6237\u3002\u9664\u975e\u83b7\u5f97\u660e\u786e\u6388\u6743\uff0c\u5426\u5219\u7528\u6237\u65e0\u6743\u5229\u7528\u3001\u91cd\u65b0\u5206\u53d1\u6216\u516c\u5f00\u590d\u5236\u5e73\u53f0\u63d0\u4f9b\u7684\u5185\u5bb9\u3002<\/p><p class=\"wp-block-paragraph\">3.3. <strong>\u9650\u5236<\/strong>\u3002\u9664\u5176\u4ed6\u884c\u4e3a\u5916\uff0c\u7981\u6b62\u7528\u6237\u8fdb\u884c\u4ee5\u4e0b\u884c\u4e3a\uff1a<\/p><p class=\"wp-block-paragraph\">a) \u4fee\u6539\u3001\u590d\u5236\u3001\u7ffb\u8bd1\u3001\u6539\u7f16\u3001\u518d\u6388\u6743\u3001\u51fa\u552e\u6216\u4ee5\u4efb\u4f55\u65b9\u5f0f\u5546\u4e1a\u5229\u7528\u5e73\u53f0\u6216\u5176\u4e2d\u5305\u542b\u7684\u6750\u6599\uff1b<\/p><p class=\"wp-block-paragraph\">b) \u8bd5\u56fe\u5bf9 requalify.ai \u8f6f\u4ef6\u8fdb\u884c\u53cd\u7f16\u8bd1\u3001\u53cd\u5411\u5de5\u7a0b\u3001\u6267\u884c\u6e90\u4ee3\u7801\u63d0\u53d6\u6216\u4efb\u4f55\u7c7b\u4f3c\u884c\u4e3a\uff1b<\/p><p class=\"wp-block-paragraph\">c) \u5220\u9664\u5e73\u53f0\u4e2d\u5305\u542b\u7684\u7248\u6743\u58f0\u660e\u3001\u5546\u6807\u6216\u4efb\u4f55\u5176\u4ed6\u77e5\u8bc6\u4ea7\u6743\u58f0\u660e\uff1b<\/p><p class=\"wp-block-paragraph\">d) \u4e0e\u7b2c\u4e09\u65b9\u5171\u4eab\u6216\u8f6c\u8ba9\u60a8\u7684\u8bbf\u95ee\u51ed\u8bc1\u6216\u5141\u8bb8\u4f7f\u7528\u60a8\u7684\u5e10\u6237\uff0c\u9664\u975e\u4e8b\u5148\u83b7\u5f97 requalify.ai \u7684\u660e\u786e\u6388\u6743\u3002<\/p><p class=\"wp-block-paragraph\">3.4.\u8fdd\u53cd\u672c\u6761\u6b3e\u4e2d\u89c4\u5b9a\u7684\u4efb\u4f55\u9650\u5236\u5c06\u5bfc\u81f4\u6388\u4e88\u7684\u8bb8\u53ef\u7acb\u5373\u7ec8\u6b62\uff0c\u4f46\u4e0d\u5f71\u54cd\u4efb\u4f55\u9002\u7528\u7684\u8d23\u4efb\u3002<\/p><h3 class=\"wp-block-paragraph\"><strong>4. \u8d23\u4efb\u548c\u514d\u8d23\u58f0\u660e<\/strong><\/h3><p class=\"wp-block-paragraph\">4.1. requalify.ai \u7aed\u5c3d\u5168\u529b\u4fdd\u6301\u5e73\u53f0\u5168\u9762\u8fd0\u884c\uff0c\u4f46\u4e0d\u4fdd\u8bc1\u670d\u52a1\u4e0d\u4f1a\u4e2d\u65ad\u6216\u6ca1\u6709\u9519\u8bef\u3002<\/p><p class=\"wp-block-paragraph\">4.2. <strong>\u53ef\u7528\u6027\u548c\u201c\u73b0\u72b6\u201d<\/strong>\u3002 requalify.ai \u63d0\u4f9b\u201c<strong>\u4f60\u597d\u5417<\/strong>\u201c \u548c \u201d<strong>\u53ef\u7528<\/strong>\u201d\u3002\u4e0d\u63d0\u4f9b\u5173\u4e8e\u9002\u7528\u4e8e\u7279\u5b9a\u7528\u9014\u3001\u6027\u80fd\u6216\u4e0d\u4fb5\u72af\u7b2c\u4e09\u65b9\u6743\u5229\u7684\u4efb\u4f55\u660e\u793a\u6216\u6697\u793a\u7684\u4fdd\u8bc1\u3002<\/p><p class=\"wp-block-paragraph\">4.3. <strong>\u8d23\u4efb\u9650\u5236<\/strong>\u3002\u5728\u6cd5\u5f8b\u5141\u8bb8\u7684\u6700\u5927\u8303\u56f4\u5185\uff0crequalify.ai \u53ca\u5176\u4f9b\u5e94\u5546\u4e0d\u5bf9\u56e0\u4f7f\u7528\u6216\u65e0\u6cd5\u4f7f\u7528\u5e73\u53f0\u800c\u4ea7\u751f\u7684\u4efb\u4f55\u95f4\u63a5\u3001\u7279\u6b8a\u3001\u5076\u7136\u6216\u540e\u679c\u6027\u635f\u5bb3\u8d1f\u8d23\uff0c\u5305\u62ec\u6570\u636e\u4e22\u5931\u3001\u5229\u6da6\u635f\u5931\u6216\u4e1a\u52a1\u4e2d\u65ad\u3002<\/p><p class=\"wp-block-paragraph\">4.4. <strong>\u7b2c\u4e09\u65b9\u5185\u5bb9\u548c\u94fe\u63a5<\/strong>\u3002\u8be5\u5e73\u53f0\u53ef\u80fd\u5305\u542b\u975e\u7531 requalify.ai \u8fd0\u8425\u7684\u7b2c\u4e09\u65b9\u7f51\u7ad9\u7684\u94fe\u63a5\u3002\u5305\u542b\u4efb\u4f55\u94fe\u63a5\u5e76\u4e0d\u610f\u5473\u7740\u8ba4\u53ef\u6216\u4fdd\u8bc1\u51c6\u786e\u6027\uff0c\u8bbf\u95ee\u6b64\u7c7b\u5185\u5bb9\u7684\u8d23\u4efb\u5b8c\u5168\u7531\u7528\u6237\u627f\u62c5\u3002<\/p><p class=\"wp-block-paragraph\">4.5. <strong>\u5065\u5eb7\u6570\u636e\u4e0e\u7814\u7a76<\/strong>\u3002 requalify.ai \u4e0d\u5bf9\u7814\u7a76\u8fc7\u7a0b\u3001\u4e34\u5e8a\u65b9\u6cd5\u6216\u7528\u6237\u8f93\u5165\u7684\u654f\u611f\u5065\u5eb7\u6570\u636e\u7684\u5904\u7406\u8d1f\u8d23\uff0c\u7528\u6237\u5bf9\u4efb\u4f55\u8fdd\u53cd\u4fdd\u5bc6\u6027\u3001\u540c\u610f\u6216\u4e0d\u7b26\u5408\u7814\u7a76\u4f26\u7406\u7684\u884c\u4e3a\u627f\u62c5\u5168\u90e8\u8d23\u4efb\u3002<\/p><p class=\"wp-block-paragraph\">4.6. <strong>\u8d23\u4efb\u91d1\u989d\u9650\u5236<\/strong>\u3002\u5728\u4efb\u4f55\u60c5\u51b5\u4e0b\uff0crequalify.ai \u5747\u4e0d\u5bf9\u56e0\u8fd9\u4e9b\u6761\u6b3e\u5f15\u8d77\u7684\u4efb\u4f55\u635f\u5bb3\u627f\u62c5\u8d23\u4efb\u3002 <strong>\u5c06\u8d85\u8fc7\u7528\u6237\u5728\u7d22\u8d54\u4e8b\u4ef6\u53d1\u751f\u524d3\u4e2a\u6708\u5185\u5411\u5e73\u53f0\u5b9e\u9645\u652f\u4ed8\u7684\u91d1\u989d<\/strong>.<\/p><h3 class=\"wp-block-paragraph\"><strong>5. \u7528\u6237\u63d0\u4ea4\u7684\u5185\u5bb9<\/strong><\/h3><p class=\"wp-block-paragraph\">5.1.\u7528\u6237\u5bf9\u5176\u63d2\u5165\u6216\u4e0a\u4f20\u5230\u5e73\u53f0\u7684\u5185\u5bb9\uff08\u6587\u672c\u3001\u6587\u6863\u3001\u89c6\u9891\u3001\u97f3\u9891\u3001\u56fe\u50cf\u6216\u4efb\u4f55\u5176\u4ed6\u6750\u6599\uff09\u627f\u62c5\u5168\u90e8\u8d23\u4efb\u3002<\/p><p class=\"wp-block-paragraph\">5.2.\u7528\u6237\u58f0\u660e\u5e76\u4fdd\u8bc1\u5176\u62e5\u6709\u63d0\u4ea4\u6b64\u7c7b\u5185\u5bb9\u7684\u5fc5\u8981\u6743\u5229\u6216\u6388\u6743\uff0c\u5982\u679c\u7b2c\u4e09\u65b9\u56e0\u4e0d\u5f53\u4f7f\u7528\u7248\u6743\u6216\u77e5\u8bc6\u4ea7\u6743\u800c\u63d0\u51fa\u7d22\u8d54\uff0crequalify.ai \u4e0d\u627f\u62c5\u4efb\u4f55\u8d23\u4efb\u3002<\/p><p class=\"wp-block-paragraph\"><strong>5.3.\u7981\u6b62\u7528\u4e8e\u4eba\u5de5\u667a\u80fd\u8bad\u7ec3<\/strong>\u3002\u7528\u6237\u627f\u8ba4\uff1a<\/p><p class=\"wp-block-paragraph\">\u2022 requalify.ai <strong>\u4e0d<\/strong> \u4f7f\u7528\u7528\u6237\u4e0a\u4f20\u6216\u751f\u6210\u7684\u6570\u636e\u6765\u901a\u7528\u5730\u8bad\u7ec3\u4eba\u5de5\u667a\u80fd\u6a21\u578b\uff1b<\/p><p class=\"wp-block-paragraph\">\u2022 \u6570\u636e\u4ec5\u6839\u636e\u7528\u6237\u8981\u6c42\u7684\u7279\u5b9a\u76ee\u7684\u8fdb\u884c\u5904\u7406\uff08\u4f8b\u5982\uff1a\u751f\u6210\u5206\u6790\u3001\u89c1\u89e3\uff09\u5e76\u6309\u7167\u9690\u79c1\u653f\u7b56\u4e2d\u89c4\u5b9a\u8fdb\u884c\u5b58\u50a8\uff0c\u4e0d\u4f1a\u5927\u89c4\u6a21\u4e30\u5bcc\u4eba\u5de5\u667a\u80fd\u6570\u636e\u5e93\u3002<\/p><h3 class=\"wp-block-paragraph\"><strong>6.\u66f4\u65b0\u548c\u4fee\u6539<\/strong><\/h3><p class=\"wp-block-paragraph\">6.1. requalify.ai \u53ef\u968f\u65f6\u4e14\u65e0\u9700\u4e8b\u5148\u901a\u77e5\u800c\u66f4\u6539\u3001\u5220\u9664\u6216\u6dfb\u52a0\u5e73\u53f0\u529f\u80fd\uff0c\u4e3b\u8981\u662f\u4e3a\u4e86\u6539\u8fdb\u548c\u66f4\u65b0\u3002<\/p><p class=\"wp-block-paragraph\">6.2. requalify.ai \u53ef\u968f\u65f6\u901a\u8fc7\u53d1\u5e03\u66f4\u65b0\u7248\u672c\u6765\u4fee\u6539\u8fd9\u4e9b\u6761\u6b3e\u3002\u5728\u53d1\u5e03\u66f4\u6539\u540e\u7ee7\u7eed\u4f7f\u7528\u8be5\u5e73\u53f0\u5c06\u610f\u5473\u7740\u63a5\u53d7\u66f4\u6539\u3002<\/p><h3 class=\"wp-block-paragraph\"><strong>7. \u9002\u7528\u6cd5\u5f8b\u548c\u7ba1\u8f96\u6743<\/strong><\/h3><p class=\"wp-block-paragraph\">7.1.\u8fd9\u4e9b\u6761\u6b3e\u53d7\u5df4\u897f\u6cd5\u5f8b\u7ba1\u8f96\uff0c\u7279\u522b\u662f\u9002\u7528\u4e8e\u6570\u636e\u4fdd\u62a4\u3001\u7535\u5b50\u5546\u52a1\u548c CNS \u6cd5\u89c4\u7684\u7acb\u6cd5\uff08\u5982\u9002\u7528\uff09\u3002<\/p><p class=\"wp-block-paragraph\">7.2.\u4efb\u4f55\u51b2\u7a81\u90fd\u5c06\u5728 requalify.ai \u603b\u90e8 Juiz de Fora \u2013 MG \u5730\u533a\u7684\u7ba1\u8f96\u8303\u56f4\u5185\u89e3\u51b3\uff0c\u9664\u975e\u6709\u6cd5\u5f8b\u89c4\u5b9a\u786e\u5b9a\u4e0d\u540c\u7684\u7ba1\u8f96\u8303\u56f4\u3002<\/p><h3 class=\"wp-block-paragraph\"><strong>8. \u6700\u540e\u6761\u6b3e<\/strong><\/h3><p class=\"wp-block-paragraph\">8.1.\u5982\u679c\u672c\u6761\u6b3e\u7684\u4efb\u4f55\u89c4\u5b9a\u88ab\u8ba4\u5b9a\u4e3a\u65e0\u6548\u6216\u4e0d\u53ef\u6267\u884c\uff0c\u5176\u4f59\u89c4\u5b9a\u4ecd\u7136\u5b8c\u5168\u6709\u6548\u3002<\/p><p class=\"wp-block-paragraph\">8.2.\u672a\u80fd\u884c\u4f7f\u672c\u6761\u6b3e\u7684\u4efb\u4f55\u6743\u5229\u6216\u89c4\u5b9a\u5e76\u4e0d\u610f\u5473\u7740\u653e\u5f03\u8be5\u6743\u5229\u6216\u89c4\u5b9a\u3002<\/p><p class=\"wp-block-paragraph\">8.3.\u6709\u5173\u8fd9\u4e9b\u6761\u6b3e\u7684\u95ee\u9898\u6216\u8981\u6c42\u53ef\u4ee5\u901a\u8fc7 requalify.ai \u5b98\u65b9\u7f51\u7ad9\u4e0a\u6307\u793a\u7684\u8054\u7cfb\u6e20\u9053\u76f4\u63a5\u63d0\u51fa\u3002<\/p>\t\t\t\t\t\t\t\t<\/div>\n\t\t\t\t<\/div>\n\t\t\t\t<\/div>\n\t\t\t\t<\/div>","protected":false},"excerpt":{"rendered":"<p>Termos e Condi\u00e7\u00f5es Contact us 1. Aceita\u00e7\u00e3o dos Termos 1.1. Ao acessar ou utilizar o site e a plataforma requalify.ai (doravante, \u201crequalify.ai\u201d ou \u201cPlataforma\u201d), o usu\u00e1rio (\u201cUsu\u00e1rio\u201d) declara ter lido, entendido e concordado com estes Termos de Uso e Condi\u00e7\u00f5es Gerais (\u201cTermos\u201d). Se n\u00e3o concordar com alguma das disposi\u00e7\u00f5es aqui apresentadas, o Usu\u00e1rio n\u00e3o est\u00e1 [&hellip;]<\/p>","protected":false},"author":2,"featured_media":0,"parent":0,"menu_order":0,"comment_status":"closed","ping_status":"closed","template":"","meta":{"footnotes":""},"class_list":["post-525","page","type-page","status-publish","hentry"],"yoast_head":"<!-- This site is optimized with the Yoast SEO plugin v25.6 - https:\/\/yoast.com\/wordpress\/plugins\/seo\/ -->\n<title>Termos e Condi\u00e7\u00f5es - requalify<\/title>\n<meta name=\"robots\" content=\"index, follow, max-snippet:-1, max-image-preview:large, max-video-preview:-1\" \/>\n<link rel=\"canonical\" href=\"https:\/\/requalify.ai\/zh\/terms-and-conditions\/\" \/>\n<meta property=\"og:locale\" content=\"zh_CN\" \/>\n<meta property=\"og:type\" content=\"article\" \/>\n<meta property=\"og:title\" content=\"Termos e Condi\u00e7\u00f5es - requalify\" \/>\n<meta property=\"og:description\" content=\"Termos e Condi\u00e7\u00f5es Contact us 1. Aceita\u00e7\u00e3o dos Termos 1.1. Ao acessar ou utilizar o site e a plataforma requalify.ai (doravante, \u201crequalify.ai\u201d ou \u201cPlataforma\u201d), o usu\u00e1rio (\u201cUsu\u00e1rio\u201d) declara ter lido, entendido e concordado com estes Termos de Uso e Condi\u00e7\u00f5es Gerais (\u201cTermos\u201d). Se n\u00e3o concordar com alguma das disposi\u00e7\u00f5es aqui apresentadas, o Usu\u00e1rio n\u00e3o est\u00e1 [&hellip;]\" \/>\n<meta property=\"og:url\" content=\"https:\/\/requalify.ai\/zh\/terms-and-conditions\/\" \/>\n<meta property=\"og:site_name\" content=\"requalify\" \/>\n<meta property=\"article:publisher\" content=\"https:\/\/www.facebook.com\/requalifyai\" \/>\n<meta property=\"article:modified_time\" content=\"2025-04-30T21:33:00+00:00\" \/>\n<meta name=\"twitter:card\" content=\"summary_large_image\" \/>\n<meta name=\"twitter:site\" content=\"@RequalifyAI\" \/>\n<meta name=\"twitter:label1\" content=\"\u9884\u8ba1\u9605\u8bfb\u65f6\u95f4\" \/>\n\t<meta name=\"twitter:data1\" content=\"6 \u5206\" \/>\n<script type=\"application\/ld+json\" class=\"yoast-schema-graph\">{\"@context\":\"https:\/\/schema.org\",\"@graph\":[{\"@type\":\"WebPage\",\"@id\":\"https:\/\/requalify.ai\/terms-and-conditions\/\",\"url\":\"https:\/\/requalify.ai\/terms-and-conditions\/\",\"name\":\"Termos e Condi\u00e7\u00f5es - requalify\",\"isPartOf\":{\"@id\":\"https:\/\/requalify.ai\/#website\"},\"datePublished\":\"2025-02-28T18:37:29+00:00\",\"dateModified\":\"2025-04-30T21:33:00+00:00\",\"breadcrumb\":{\"@id\":\"https:\/\/requalify.ai\/terms-and-conditions\/#breadcrumb\"},\"inLanguage\":\"zh-Hans\",\"potentialAction\":[{\"@type\":\"ReadAction\",\"target\":[\"https:\/\/requalify.ai\/terms-and-conditions\/\"]}]},{\"@type\":\"BreadcrumbList\",\"@id\":\"https:\/\/requalify.ai\/terms-and-conditions\/#breadcrumb\",\"itemListElement\":[{\"@type\":\"ListItem\",\"position\":1,\"name\":\"In\u00edcio\",\"item\":\"https:\/\/requalify.ai\/\"},{\"@type\":\"ListItem\",\"position\":2,\"name\":\"Termos e Condi\u00e7\u00f5es\"}]},{\"@type\":\"WebSite\",\"@id\":\"https:\/\/requalify.ai\/#website\",\"url\":\"https:\/\/requalify.ai\/\",\"name\":\"requalify\",\"description\":\"reiventando a pesquisa qualitativa\",\"publisher\":{\"@id\":\"https:\/\/requalify.ai\/#organization\"},\"alternateName\":\"requalify\",\"potentialAction\":[{\"@type\":\"SearchAction\",\"target\":{\"@type\":\"EntryPoint\",\"urlTemplate\":\"https:\/\/requalify.ai\/?s={search_term_string}\"},\"query-input\":{\"@type\":\"PropertyValueSpecification\",\"valueRequired\":true,\"valueName\":\"search_term_string\"}}],\"inLanguage\":\"zh-Hans\"},{\"@type\":\"Organization\",\"@id\":\"https:\/\/requalify.ai\/#organization\",\"name\":\"requalify\",\"alternateName\":\"requalify\",\"url\":\"https:\/\/requalify.ai\/\",\"logo\":{\"@type\":\"ImageObject\",\"inLanguage\":\"zh-Hans\",\"@id\":\"https:\/\/requalify.ai\/#\/schema\/logo\/image\/\",\"url\":\"https:\/\/requalify.ai\/wp-content\/uploads\/2025\/02\/requalify_fundo_claro.png\",\"contentUrl\":\"https:\/\/requalify.ai\/wp-content\/uploads\/2025\/02\/requalify_fundo_claro.png\",\"width\":800,\"height\":300,\"caption\":\"requalify\"},\"image\":{\"@id\":\"https:\/\/requalify.ai\/#\/schema\/logo\/image\/\"},\"sameAs\":[\"https:\/\/www.facebook.com\/requalifyai\",\"https:\/\/x.com\/RequalifyAI\",\"https:\/\/www.instagram.com\/requalify.ai\",\"https:\/\/www.tiktok.com\/@requalify.ai\",\"https:\/\/www.youtube.com\/channel\/UCGzFUsBPEvW06J0y9FGuruQ\"]}]}<\/script>\n<!-- \/ Yoast SEO plugin. -->","yoast_head_json":{"title":"Termos e Condi\u00e7\u00f5es - requalify","robots":{"index":"index","follow":"follow","max-snippet":"max-snippet:-1","max-image-preview":"max-image-preview:large","max-video-preview":"max-video-preview:-1"},"canonical":"https:\/\/requalify.ai\/zh\/terms-and-conditions\/","og_locale":"zh_CN","og_type":"article","og_title":"Termos e Condi\u00e7\u00f5es - requalify","og_description":"Termos e Condi\u00e7\u00f5es Contact us 1. Aceita\u00e7\u00e3o dos Termos 1.1. Ao acessar ou utilizar o site e a plataforma requalify.ai (doravante, \u201crequalify.ai\u201d ou \u201cPlataforma\u201d), o usu\u00e1rio (\u201cUsu\u00e1rio\u201d) declara ter lido, entendido e concordado com estes Termos de Uso e Condi\u00e7\u00f5es Gerais (\u201cTermos\u201d). Se n\u00e3o concordar com alguma das disposi\u00e7\u00f5es aqui apresentadas, o Usu\u00e1rio n\u00e3o est\u00e1 [&hellip;]","og_url":"https:\/\/requalify.ai\/zh\/terms-and-conditions\/","og_site_name":"requalify","article_publisher":"https:\/\/www.facebook.com\/requalifyai","article_modified_time":"2025-04-30T21:33:00+00:00","twitter_card":"summary_large_image","twitter_site":"@RequalifyAI","twitter_misc":{"\u9884\u8ba1\u9605\u8bfb\u65f6\u95f4":"6 \u5206"},"schema":{"@context":"https:\/\/schema.org","@graph":[{"@type":"WebPage","@id":"https:\/\/requalify.ai\/terms-and-conditions\/","url":"https:\/\/requalify.ai\/terms-and-conditions\/","name":"Termos e Condi\u00e7\u00f5es - requalify","isPartOf":{"@id":"https:\/\/requalify.ai\/#website"},"datePublished":"2025-02-28T18:37:29+00:00","dateModified":"2025-04-30T21:33:00+00:00","breadcrumb":{"@id":"https:\/\/requalify.ai\/terms-and-conditions\/#breadcrumb"},"inLanguage":"zh-Hans","potentialAction":[{"@type":"ReadAction","target":["https:\/\/requalify.ai\/terms-and-conditions\/"]}]},{"@type":"BreadcrumbList","@id":"https:\/\/requalify.ai\/terms-and-conditions\/#breadcrumb","itemListElement":[{"@type":"ListItem","position":1,"name":"In\u00edcio","item":"https:\/\/requalify.ai\/"},{"@type":"ListItem","position":2,"name":"Termos e Condi\u00e7\u00f5es"}]},{"@type":"WebSite","@id":"https:\/\/requalify.ai\/#website","url":"https:\/\/requalify.ai\/","name":"requalify","description":"reiventando a pesquisa qualitativa","publisher":{"@id":"https:\/\/requalify.ai\/#organization"},"alternateName":"requalify","potentialAction":[{"@type":"SearchAction","target":{"@type":"EntryPoint","urlTemplate":"https:\/\/requalify.ai\/?s={search_term_string}"},"query-input":{"@type":"PropertyValueSpecification","valueRequired":true,"valueName":"search_term_string"}}],"inLanguage":"zh-Hans"},{"@type":"Organization","@id":"https:\/\/requalify.ai\/#organization","name":"requalify","alternateName":"requalify","url":"https:\/\/requalify.ai\/","logo":{"@type":"ImageObject","inLanguage":"zh-Hans","@id":"https:\/\/requalify.ai\/#\/schema\/logo\/image\/","url":"https:\/\/requalify.ai\/wp-content\/uploads\/2025\/02\/requalify_fundo_claro.png","contentUrl":"https:\/\/requalify.ai\/wp-content\/uploads\/2025\/02\/requalify_fundo_claro.png","width":800,"height":300,"caption":"requalify"},"image":{"@id":"https:\/\/requalify.ai\/#\/schema\/logo\/image\/"},"sameAs":["https:\/\/www.facebook.com\/requalifyai","https:\/\/x.com\/RequalifyAI","https:\/\/www.instagram.com\/requalify.ai","https:\/\/www.tiktok.com\/@requalify.ai","https:\/\/www.youtube.com\/channel\/UCGzFUsBPEvW06J0y9FGuruQ"]}]}},"_links":{"self":[{"href":"https:\/\/requalify.ai\/zh\/wp-json\/wp\/v2\/pages\/525","targetHints":{"allow":["GET"]}}],"collection":[{"href":"https:\/\/requalify.ai\/zh\/wp-json\/wp\/v2\/pages"}],"about":[{"href":"https:\/\/requalify.ai\/zh\/wp-json\/wp\/v2\/types\/page"}],"author":[{"embeddable":true,"href":"https:\/\/requalify.ai\/zh\/wp-json\/wp\/v2\/users\/2"}],"replies":[{"embeddable":true,"href":"https:\/\/requalify.ai\/zh\/wp-json\/wp\/v2\/comments?post=525"}],"version-history":[{"count":9,"href":"https:\/\/requalify.ai\/zh\/wp-json\/wp\/v2\/pages\/525\/revisions"}],"predecessor-version":[{"id":939,"href":"https:\/\/requalify.ai\/zh\/wp-json\/wp\/v2\/pages\/525\/revisions\/939"}],"wp:attachment":[{"href":"https:\/\/requalify.ai\/zh\/wp-json\/wp\/v2\/media?parent=525"}],"curies":[{"name":"wp","href":"https:\/\/api.w.org\/{rel}","templated":true}]}}